{"id":4640,"date":"2019-05-23T14:05:18","date_gmt":"2019-05-23T14:05:18","guid":{"rendered":"https:\/\/cieptal.com\/?page_id=4640"},"modified":"2019-07-12T07:54:37","modified_gmt":"2019-07-12T07:54:37","slug":"formation","status":"publish","type":"page","link":"https:\/\/cieptal.com\/en\/formation\/","title":{"rendered":"Training"},"content":{"rendered":"<section class=\"wpb-content-wrapper\"><div class=\"vc_row wpb_row vc_row-fluid\"><div class=\"wpb_column vc_column_container vc_col-sm-12\"><div class=\"vc_column-inner\"><div class=\"wpb_wrapper\"><div class=\"vc_empty_space\"   style=\"height: 90px\"><span class=\"vc_empty_space_inner\"><\/span><\/div>\r\n\t<div class=\"wpb_text_column wpb_content_element\" >\r\n\t\t<div class=\"wpb_wrapper\">\r\n\t\t\t<h2 style=\"text-align: center;\">Our staff are trained to ensure their professionalism and skills.<\/h2>\n\r\n\t\t<\/div>\r\n\t<\/div>\r\n<\/div><\/div><\/div><\/div><div class=\"vc_row wpb_row vc_row-fluid\"><div class=\"wpb_column vc_column_container vc_col-sm-12\"><div class=\"vc_column-inner\"><div class=\"wpb_wrapper\"><div class=\"vc_empty_space\"   style=\"height: 90px\"><span class=\"vc_empty_space_inner\"><\/span><\/div><\/div><\/div><\/div><\/div><div data-vc-full-width=\"true\" data-vc-full-width-init=\"false\" data-vc-stretch-content=\"true\" class=\"vc_row wpb_row vc_row-fluid vc_custom_1560957970641 vc_row-has-fill\"><div class=\"wpb_column vc_column_container vc_col-sm-4\"><div class=\"vc_column-inner vc_custom_1560958006641\"><div class=\"wpb_wrapper\">\r\n\t<div class=\"wpb_text_column wpb_content_element\" >\r\n\t\t<div class=\"wpb_wrapper\">\r\n\t\t\t<h2 style=\"text-align: center;\"><strong><span style=\"color: #ffffff;\">100%<br \/>\n<\/span><\/strong><span style=\"color: #ffffff;\">Local employment<\/span><\/h2>\n\r\n\t\t<\/div>\r\n\t<\/div>\r\n<\/div><\/div><\/div><div class=\"wpb_column vc_column_container vc_col-sm-4\"><div class=\"vc_column-inner vc_custom_1560958014933\"><div class=\"wpb_wrapper\">\r\n\t<div class=\"wpb_text_column wpb_content_element\" >\r\n\t\t<div class=\"wpb_wrapper\">\r\n\t\t\t<h2 style=\"text-align: center;\" class=\"translation-block\"><span style=\"color: #ffffff\"><strong>2 training<\/strong><\/span><br>\n<span style=\"color: #ffffff\">rooms<\/span><\/h2>\n\r\n\t\t<\/div>\r\n\t<\/div>\r\n<\/div><\/div><\/div><div class=\"wpb_column vc_column_container vc_col-sm-4\"><div class=\"vc_column-inner vc_custom_1560958023402\"><div class=\"wpb_wrapper\">\r\n\t<div class=\"wpb_text_column wpb_content_element\" >\r\n\t\t<div class=\"wpb_wrapper\">\r\n\t\t\t<h2 style=\"text-align: center;\"><span style=\"color: #ffffff;\"><strong>+ 511 h<\/strong><br \/>\n<\/span><span style=\"color: #ffffff;\">of vocational training in 2017<\/span><\/h2>\n\r\n\t\t<\/div>\r\n\t<\/div>\r\n<\/div><\/div><\/div><\/div><div class=\"vc_row-full-width vc_clearfix\"><\/div><div class=\"vc_row wpb_row vc_row-fluid\"><div class=\"wpb_column vc_column_container vc_col-sm-12\"><div class=\"vc_column-inner\"><div class=\"wpb_wrapper\"><div class=\"vc_empty_space\"   style=\"height: 90px\"><span class=\"vc_empty_space_inner\"><\/span><\/div><div class=\"\">\r\n\t<div class=\"rt-text-with-image\">\r\n\t\t<div class=\"row\">\r\n\t\t\t<div class=\"col-lg-6 col-md-6 col-sm-6 col-xs-12\">\r\n\t\t\t\t<div class=\"rtin-text-part\">\r\n\t\t\t\t\t\t\t\t\t\t<h2 style=\"color:#000000\">An in-house training center to increase skills<\/h2>\r\n\t\t\t\t\t\t\t\t\t\t<\/p>\n<p style=\"text-align: justify\">More than 70% of CIEPTAL's workforce exceeds 8 years of seniority. We believe that employee satisfaction is a key success factor for our company.<\/p>\n<p style=\"text-align: justify\">That's why we develop the capabilities of our employees through training. CIEPTAL has an internal training center.<\/p>\n<p style=\"text-align: justify\" class=\"translation-block\">Three specialized trainers deliver full-time training related to our core business, <span style=\"text-decoration: underline\"><strong><a href=\"https:\/\/cieptal.com\/en\/hotellerie\/\" target=\"_self\">accomodation<\/a><\/strong><\/span> and <a href=\"https:\/\/cieptal.com\/en\/restauration-2\/\" target=\"_self\"><span style=\"text-decoration: underline\"><strong>catering<\/strong><\/span><\/a>to all our employees.<\/p>\n<p style=\"text-align: justify\" class=\"translation-block\">The set of programs put in place allows us to constantly update all employees and processes in order to achieve excellence in all areas of <a href=\"https:\/\/cieptal.com\/en\/notre-expertise\/\" target=\"_self\"><strong><span style=\"text-decoration: underline\">our business<\/span><\/strong><\/a>.<\/p>\n<p>\t\t\t\t<\/div>\r\n\t\t\t<\/div>\r\n\t\t\t<div class=\"col-lg-6 col-md-6 col-sm-6 col-xs-12\">\r\n\t\t\t\t<img loading=\"lazy\" decoding=\"async\" width=\"555\" height=\"450\" src=\"https:\/\/cieptal.com\/wp-content\/uploads\/2019\/06\/CIEPTAL-salle-de-formation.jpg\" class=\"attachment-full size-full\" alt=\"\" srcset=\"https:\/\/cieptal.com\/wp-content\/uploads\/2019\/06\/CIEPTAL-salle-de-formation.jpg 555w, https:\/\/cieptal.com\/wp-content\/uploads\/2019\/06\/CIEPTAL-salle-de-formation-300x243.jpg 300w\" sizes=\"auto, (max-width: 555px) 100vw, 555px\" \/>\t\t\t<\/div>\r\n\t\t<\/div>\r\n\t<\/div>\r\n<\/div><div class=\"vc_empty_space\"   style=\"height: 45px\"><span class=\"vc_empty_space_inner\"><\/span><\/div><\/div><\/div><\/div><\/div><div class=\"vc_row wpb_row vc_row-fluid vc_custom_1558621394891 vc_row-has-fill\"><div class=\"wpb_column vc_column_container vc_col-sm-12\"><div class=\"vc_column-inner\"><div class=\"wpb_wrapper\">\r\n\t<div class=\"wpb_text_column wpb_content_element\" >\r\n\t\t<div class=\"wpb_wrapper\">\r\n\t\t\t<h2 style=\"text-align: center;\"><span style=\"color: #ffffff;\">Our Human Resources Policy<\/span><\/h2>\n\r\n\t\t<\/div>\r\n\t<\/div>\r\n<\/div><\/div><\/div><div class=\"wpb_column vc_column_container vc_col-sm-6\"><div class=\"vc_column-inner\"><div class=\"wpb_wrapper\">\r\n\t<div class=\"wpb_text_column wpb_content_element  vc_custom_1560264745169\" >\r\n\t\t<div class=\"wpb_wrapper\">\r\n\t\t\t<p class=\"translation-block\"><span style=\"color: #ffffff\">At CIEPTAL, team spirit guarantees a state of mind at the service of operational results. The passion of the profession <br>\nleads to the commitment of our collaborators ...    <\/span><\/p>\n\r\n\t\t<\/div>\r\n\t<\/div>\r\n<div class=\"vc_btn3-container vc_btn3-left vc_custom_1560264769227\" ><a onmouseleave=\"this.style.borderColor='#ffffff'; this.style.backgroundColor='transparent'; this.style.color='#ffffff'\" onmouseenter=\"this.style.borderColor='#ffffff'; this.style.backgroundColor='#ffffff'; this.style.color='#0d496f';\" style=\"border-color:#ffffff; color:#ffffff;\" class=\"vc_general vc_btn3 vc_btn3-size-md vc_btn3-shape-square vc_btn3-style-outline-custom\" href=\"https:\/\/cieptal.com\/en\/politique-de-ressources-humaines\/\" title=\"\">Learn more<\/a><\/div><\/div><\/div><\/div><div class=\"wpb_column vc_column_container vc_col-sm-6\"><div class=\"vc_column-inner\"><div class=\"wpb_wrapper\">\r\n\t<div  class=\"wpb_single_image wpb_content_element vc_align_center  vc_custom_1561733763472\">\r\n\t\t\r\n\t\t<figure class=\"wpb_wrapper vc_figure\">\r\n\t\t\t<a href=\"https:\/\/cieptal.com\/en\/rejoignez-nous\/\" target=\"_self\" class=\"vc_single_image-wrapper   vc_box_border_grey\"><img loading=\"lazy\" decoding=\"async\" class=\"vc_single_image-img\" src=\"https:\/\/cieptal.com\/wp-content\/uploads\/2019\/06\/CIEPTAL-equipe-slide-600x300.jpg\" width=\"600\" height=\"300\" alt=\"CIEPTAL-equipe-slide\" title=\"CIEPTAL-equipe-slide\" \/><\/a>\r\n\t\t<\/figure>\r\n\t<\/div>\r\n<\/div><\/div><\/div><\/div><div class=\"vc_row wpb_row vc_row-fluid vc_custom_1558621318246\"><div class=\"wpb_column vc_column_container vc_col-sm-12\"><div class=\"vc_column-inner\"><div class=\"wpb_wrapper\">\r\n\t<div class=\"wpb_text_column wpb_content_element\" >\r\n\t\t<div class=\"wpb_wrapper\">\r\n\t\t\t<h2>From the Director General<\/h2>\n\r\n\t\t<\/div>\r\n\t<\/div>\r\n<\/div><\/div><\/div><\/div><div class=\"vc_row wpb_row vc_row-fluid\"><div class=\"wpb_column vc_column_container vc_col-sm-2\"><div class=\"vc_column-inner\"><div class=\"wpb_wrapper\"><\/div><\/div><\/div><div class=\"wpb_column vc_column_container vc_col-sm-2\"><div class=\"vc_column-inner\"><div class=\"wpb_wrapper\"><div class=\"vc_empty_space\"   style=\"height: 20px\"><span class=\"vc_empty_space_inner\"><\/span><\/div>\r\n\t<div  class=\"wpb_single_image wpb_content_element vc_align_right\">\r\n\t\t\r\n\t\t<figure class=\"wpb_wrapper vc_figure\">\r\n\t\t\t<div class=\"vc_single_image-wrapper vc_box_circle  vc_box_border_grey\"><img loading=\"lazy\" decoding=\"async\" class=\"vc_single_image-img\" src=\"https:\/\/cieptal.com\/wp-content\/uploads\/2019\/06\/CIEPTAL-Arezki-MAZRI-200x200.jpg\" width=\"200\" height=\"200\" alt=\"CIEPTAL-Arezki-MAZRI\" title=\"CIEPTAL-Arezki-MAZRI\" \/><\/div>\r\n\t\t<\/figure>\r\n\t<\/div>\r\n<\/div><\/div><\/div><div class=\"wpb_column vc_column_container vc_col-sm-6 vc_col-has-fill\"><div class=\"vc_column-inner vc_custom_1556548016059\"><div class=\"wpb_wrapper\">\r\n\t<div class=\"wpb_text_column wpb_content_element\" >\r\n\t\t<div class=\"wpb_wrapper\">\r\n\t\t\t<h3 style=\"text-align: justify;\"><span style=\"color: #000000;\"><strong>Arezki MAZRI<\/strong><\/span><br \/>\n<span style=\"color: #000000;\"><strong>Director General<\/strong><\/span><\/h3>\n<p style=\"text-align: left;\">Through our 23 years of experience, CIEPTAL deploys daily its professionalism in terms of full catering services to satisfy all stakeholders...<\/p>\n\r\n\t\t<\/div>\r\n\t<\/div>\r\n<div class=\"vc_btn3-container vc_btn3-inline vc_custom_1558516186304\" ><a onmouseleave=\"this.style.borderColor='#0d496f'; this.style.backgroundColor='transparent'; this.style.color='#0d496f'\" onmouseenter=\"this.style.borderColor='#0d496f'; this.style.backgroundColor='#0d496f'; this.style.color='#ffffff';\" style=\"border-color:#0d496f; color:#0d496f;\" class=\"vc_general vc_btn3 vc_btn3-size-md vc_btn3-shape-square vc_btn3-style-outline-custom\" href=\"https:\/\/cieptal.com\/en\/mot-du-directeur-general\/\" title=\"\">Learn more<\/a><\/div><\/div><\/div><\/div><div class=\"wpb_column vc_column_container vc_col-sm-2\"><div class=\"vc_column-inner\"><div class=\"wpb_wrapper\"><\/div><\/div><\/div><\/div><div class=\"vc_row wpb_row vc_row-fluid\"><div class=\"wpb_column vc_column_container vc_col-sm-12\"><div class=\"vc_column-inner\"><div class=\"wpb_wrapper\">\r\n\t<div class=\"wpb_text_column wpb_content_element  vc_custom_1560264821447\" >\r\n\t\t<div class=\"wpb_wrapper\">\r\n\t\t\t<h2 style=\"text-align: center;\"><strong>Learn more<\/strong><\/h2>\n\r\n\t\t<\/div>\r\n\t<\/div>\r\n<\/div><\/div><\/div><\/div><div class=\"vc_row wpb_row vc_row-fluid vc_custom_1558709885478 vc_column-gap-30\"><div class=\"wpb_column vc_column_container vc_col-sm-4 vc_col-has-fill\"><div class=\"vc_column-inner vc_custom_1558710260092\"><div class=\"wpb_wrapper\">\r\n\t<div class=\"wpb_text_column wpb_content_element\" >\r\n\t\t<div class=\"wpb_wrapper\">\r\n\t\t\t<div class=\"eds-animate\" data-eds-entry-animation=\"zoomIn\" data-eds-entry-delay=\"0\" data-eds-entry-duration=\"1\" data-eds-entry-timing=\"linear\" data-eds-exit-animation=\"\" data-eds-exit-delay=\"\" data-eds-exit-duration=\"\" data-eds-exit-timing=\"\" data-eds-repeat-count=\"1\" data-eds-keep=\"yes\" data-eds-animate-on=\"hover\" data-eds-scroll-offset=\"\">\n<h2 style=\"text-align: center;\" class=\"translation-block\"><a href=\"https:\/\/cieptal.com\/en\/engagement-qhse\/\" target=\"_self\"><strong><span style=\"color: #ffffff\">Our QHSE<br>\nCommitments<\/span><\/strong><\/a><\/h2>\n<\/div>\n\r\n\t\t<\/div>\r\n\t<\/div>\r\n<\/div><\/div><\/div><div class=\"wpb_column vc_column_container vc_col-sm-4 vc_col-has-fill\"><div class=\"vc_column-inner vc_custom_1558710369459\"><div class=\"wpb_wrapper\">\r\n\t<div class=\"wpb_text_column wpb_content_element\" >\r\n\t\t<div class=\"wpb_wrapper\">\r\n\t\t\t<div class=\"eds-animate\" data-eds-entry-animation=\"zoomIn\" data-eds-entry-delay=\"0\" data-eds-entry-duration=\"1\" data-eds-entry-timing=\"linear\" data-eds-exit-animation=\"\" data-eds-exit-delay=\"\" data-eds-exit-duration=\"\" data-eds-exit-timing=\"\" data-eds-repeat-count=\"1\" data-eds-keep=\"yes\" data-eds-animate-on=\"hover\" data-eds-scroll-offset=\"\">\n<h2 style=\"text-align: center;\"><a href=\"https:\/\/cieptal.com\/en\/certifications-smi\/\"><strong><span style=\"color: #ffffff;\">Certifications &amp; SMI<\/span><\/strong><\/a><\/h2>\n<\/div>\n\r\n\t\t<\/div>\r\n\t<\/div>\r\n<\/div><\/div><\/div><div class=\"wpb_column vc_column_container vc_col-sm-4 vc_col-has-fill\"><div class=\"vc_column-inner vc_custom_1558711844645\"><div class=\"wpb_wrapper\">\r\n\t<div class=\"wpb_text_column wpb_content_element\" >\r\n\t\t<div class=\"wpb_wrapper\">\r\n\t\t\t<div class=\"eds-animate\" data-eds-entry-animation=\"zoomIn\" data-eds-entry-delay=\"0\" data-eds-entry-duration=\"1\" data-eds-entry-timing=\"linear\" data-eds-exit-animation=\"\" data-eds-exit-delay=\"\" data-eds-exit-duration=\"\" data-eds-exit-timing=\"\" data-eds-repeat-count=\"1\" data-eds-keep=\"yes\" data-eds-animate-on=\"hover\" data-eds-scroll-offset=\"\">\n<h2 style=\"text-align: center;\"><a href=\"https:\/\/cieptal.com\/en\/politique-de-ressources-humaines\/\"><strong><span style=\"color: #ffffff;\">Our Human Resources Policy<\/span><\/strong><\/a><\/h2>\n<\/div>\n\r\n\t\t<\/div>\r\n\t<\/div>\r\n<\/div><\/div><\/div><\/div><div data-vc-full-width=\"true\" data-vc-full-width-init=\"false\" data-vc-stretch-content=\"true\" class=\"vc_row wpb_row vc_row-fluid vc_custom_1556630654187 vc_row-has-fill\"><div class=\"wpb_column vc_column_container vc_col-sm-8\"><div class=\"vc_column-inner\"><div class=\"wpb_wrapper\">\r\n\t<div class=\"wpb_text_column wpb_content_element  vc_custom_1556113761538\" >\r\n\t\t<div class=\"wpb_wrapper\">\r\n\t\t\t<h2 style=\"text-align: left;\"><strong><span style=\"color: #ffffff;\">Join the CIEPTAL experience<\/span><\/strong><\/h2>\n\r\n\t\t<\/div>\r\n\t<\/div>\r\n<\/div><\/div><\/div><div class=\"wpb_column vc_column_container vc_col-sm-4\"><div class=\"vc_column-inner\"><div class=\"wpb_wrapper\">\r\n\t<div class=\"wpb_text_column wpb_content_element  vc_custom_1558516475921\" >\r\n\t\t<div class=\"wpb_wrapper\">\r\n\t\t\t<div class=\"eds-animate\" data-eds-entry-animation=\"push\" data-eds-entry-delay=\"0\" data-eds-entry-duration=\"1\" data-eds-entry-timing=\"linear\" data-eds-exit-animation=\"\" data-eds-exit-delay=\"\" data-eds-exit-duration=\"\" data-eds-exit-timing=\"\" data-eds-repeat-count=\"1\" data-eds-keep=\"yes\" data-eds-animate-on=\"hover\" data-eds-scroll-offset=\"\">\n<h2 style=\"text-align: right;\"><a href=\"https:\/\/cieptal.com\/en\/rejoignez-nous\/\"><span style=\"color: #ffffff;\"><strong>Join us <img loading=\"lazy\" decoding=\"async\" class=\"wp-image-3946 alignright\" src=\"https:\/\/cieptal.com\/wp-content\/uploads\/2019\/04\/bouton-main.png\" alt=\"\" width=\"32\" height=\"58\" \/><\/strong><\/span><\/a><\/h2>\n<\/div>\n\r\n\t\t<\/div>\r\n\t<\/div>\r\n<\/div><\/div><\/div><\/div><div class=\"vc_row-full-width vc_clearfix\"><\/div>\n<\/section>","protected":false},"excerpt":{"rendered":"Former nos collaborateurs pour garantir le professionnalisme et les comp\u00e9tences de notre personnel 100% d'emploi local 2 salles de formation + 511 h de formation m\u00e9tiers en 2017 Un centre de formation interne pour accro\u00eetre les comp\u00e9tences Plus de 70% des effectifs de CIEPTAL d\u00e9passent 8 ann\u00e9es d\u2019anciennet\u00e9. Nous sommes persuad\u00e9s que la satisfaction du [...]","protected":false},"author":2,"featured_media":0,"parent":0,"menu_order":0,"comment_status":"closed","ping_status":"closed","template":"","meta":{"footnotes":""},"class_list":["post-4640","page","type-page","status-publish","hentry"],"yoast_head":"<!-- This site is optimized with the Yoast SEO plugin v27.3 - https:\/\/yoast.com\/product\/yoast-seo-wordpress\/ -->\n<title>Formation - CIEPTAL<\/title>\n<meta name=\"robots\" content=\"index, follow, max-snippet:-1, max-image-preview:large, max-video-preview:-1\" \/>\n<link rel=\"canonical\" href=\"https:\/\/cieptal.com\/en\/formation\/\" \/>\n<meta property=\"og:locale\" content=\"en_GB\" \/>\n<meta property=\"og:type\" content=\"article\" \/>\n<meta property=\"og:title\" content=\"Formation - CIEPTAL\" \/>\n<meta property=\"og:url\" content=\"https:\/\/cieptal.com\/en\/formation\/\" \/>\n<meta property=\"og:site_name\" content=\"CIEPTAL\" \/>\n<meta property=\"article:modified_time\" content=\"2019-07-12T07:54:37+00:00\" \/>\n<meta property=\"og:image\" content=\"https:\/\/cieptal.com\/wp-content\/uploads\/2019\/04\/bouton-main.png\" \/>\n<meta name=\"twitter:card\" content=\"summary_large_image\" \/>\n<meta name=\"twitter:label1\" content=\"Estimated reading time\" \/>\n\t<meta name=\"twitter:data1\" content=\"5 minutes\" \/>\n<script type=\"application\/ld+json\" class=\"yoast-schema-graph\">{\"@context\":\"https:\\\/\\\/schema.org\",\"@graph\":[{\"@type\":\"WebPage\",\"@id\":\"https:\\\/\\\/cieptal.com\\\/formation\\\/\",\"url\":\"https:\\\/\\\/cieptal.com\\\/formation\\\/\",\"name\":\"Formation - CIEPTAL\",\"isPartOf\":{\"@id\":\"https:\\\/\\\/cieptal.com\\\/#website\"},\"primaryImageOfPage\":{\"@id\":\"https:\\\/\\\/cieptal.com\\\/formation\\\/#primaryimage\"},\"image\":{\"@id\":\"https:\\\/\\\/cieptal.com\\\/formation\\\/#primaryimage\"},\"thumbnailUrl\":\"https:\\\/\\\/cieptal.com\\\/wp-content\\\/uploads\\\/2019\\\/04\\\/bouton-main.png\",\"datePublished\":\"2019-05-23T14:05:18+00:00\",\"dateModified\":\"2019-07-12T07:54:37+00:00\",\"breadcrumb\":{\"@id\":\"https:\\\/\\\/cieptal.com\\\/formation\\\/#breadcrumb\"},\"inLanguage\":\"en-GB\",\"potentialAction\":[{\"@type\":\"ReadAction\",\"target\":[\"https:\\\/\\\/cieptal.com\\\/formation\\\/\"]}]},{\"@type\":\"ImageObject\",\"inLanguage\":\"en-GB\",\"@id\":\"https:\\\/\\\/cieptal.com\\\/formation\\\/#primaryimage\",\"url\":\"https:\\\/\\\/cieptal.com\\\/wp-content\\\/uploads\\\/2019\\\/04\\\/bouton-main.png\",\"contentUrl\":\"https:\\\/\\\/cieptal.com\\\/wp-content\\\/uploads\\\/2019\\\/04\\\/bouton-main.png\"},{\"@type\":\"BreadcrumbList\",\"@id\":\"https:\\\/\\\/cieptal.com\\\/formation\\\/#breadcrumb\",\"itemListElement\":[{\"@type\":\"ListItem\",\"position\":1,\"name\":\"Accueil\",\"item\":\"https:\\\/\\\/cieptal.com\\\/\"},{\"@type\":\"ListItem\",\"position\":2,\"name\":\"Formation\"}]},{\"@type\":\"WebSite\",\"@id\":\"https:\\\/\\\/cieptal.com\\\/#website\",\"url\":\"https:\\\/\\\/cieptal.com\\\/\",\"name\":\"CIEPTAL\",\"description\":\"Integrated Life Support Services\",\"potentialAction\":[{\"@type\":\"SearchAction\",\"target\":{\"@type\":\"EntryPoint\",\"urlTemplate\":\"https:\\\/\\\/cieptal.com\\\/?s={search_term_string}\"},\"query-input\":{\"@type\":\"PropertyValueSpecification\",\"valueRequired\":true,\"valueName\":\"search_term_string\"}}],\"inLanguage\":\"en-GB\"}]}<\/script>\n<!-- \/ Yoast SEO plugin. -->","yoast_head_json":{"title":"Formation - CIEPTAL","robots":{"index":"index","follow":"follow","max-snippet":"max-snippet:-1","max-image-preview":"max-image-preview:large","max-video-preview":"max-video-preview:-1"},"canonical":"https:\/\/cieptal.com\/en\/formation\/","og_locale":"en_GB","og_type":"article","og_title":"Formation - CIEPTAL","og_url":"https:\/\/cieptal.com\/en\/formation\/","og_site_name":"CIEPTAL","article_modified_time":"2019-07-12T07:54:37+00:00","og_image":[{"url":"https:\/\/cieptal.com\/wp-content\/uploads\/2019\/04\/bouton-main.png","type":"","width":"","height":""}],"twitter_card":"summary_large_image","twitter_misc":{"Estimated reading time":"5 minutes"},"schema":{"@context":"https:\/\/schema.org","@graph":[{"@type":"WebPage","@id":"https:\/\/cieptal.com\/formation\/","url":"https:\/\/cieptal.com\/formation\/","name":"Formation - CIEPTAL","isPartOf":{"@id":"https:\/\/cieptal.com\/#website"},"primaryImageOfPage":{"@id":"https:\/\/cieptal.com\/formation\/#primaryimage"},"image":{"@id":"https:\/\/cieptal.com\/formation\/#primaryimage"},"thumbnailUrl":"https:\/\/cieptal.com\/wp-content\/uploads\/2019\/04\/bouton-main.png","datePublished":"2019-05-23T14:05:18+00:00","dateModified":"2019-07-12T07:54:37+00:00","breadcrumb":{"@id":"https:\/\/cieptal.com\/formation\/#breadcrumb"},"inLanguage":"en-GB","potentialAction":[{"@type":"ReadAction","target":["https:\/\/cieptal.com\/formation\/"]}]},{"@type":"ImageObject","inLanguage":"en-GB","@id":"https:\/\/cieptal.com\/formation\/#primaryimage","url":"https:\/\/cieptal.com\/wp-content\/uploads\/2019\/04\/bouton-main.png","contentUrl":"https:\/\/cieptal.com\/wp-content\/uploads\/2019\/04\/bouton-main.png"},{"@type":"BreadcrumbList","@id":"https:\/\/cieptal.com\/formation\/#breadcrumb","itemListElement":[{"@type":"ListItem","position":1,"name":"Accueil","item":"https:\/\/cieptal.com\/"},{"@type":"ListItem","position":2,"name":"Formation"}]},{"@type":"WebSite","@id":"https:\/\/cieptal.com\/#website","url":"https:\/\/cieptal.com\/","name":"CIEPTAL","description":"Integrated Life Support Services","potentialAction":[{"@type":"SearchAction","target":{"@type":"EntryPoint","urlTemplate":"https:\/\/cieptal.com\/?s={search_term_string}"},"query-input":{"@type":"PropertyValueSpecification","valueRequired":true,"valueName":"search_term_string"}}],"inLanguage":"en-GB"}]}},"_links":{"self":[{"href":"https:\/\/cieptal.com\/en\/wp-json\/wp\/v2\/pages\/4640","targetHints":{"allow":["GET"]}}],"collection":[{"href":"https:\/\/cieptal.com\/en\/wp-json\/wp\/v2\/pages"}],"about":[{"href":"https:\/\/cieptal.com\/en\/wp-json\/wp\/v2\/types\/page"}],"author":[{"embeddable":true,"href":"https:\/\/cieptal.com\/en\/wp-json\/wp\/v2\/users\/2"}],"replies":[{"embeddable":true,"href":"https:\/\/cieptal.com\/en\/wp-json\/wp\/v2\/comments?post=4640"}],"version-history":[{"count":40,"href":"https:\/\/cieptal.com\/en\/wp-json\/wp\/v2\/pages\/4640\/revisions"}],"predecessor-version":[{"id":5234,"href":"https:\/\/cieptal.com\/en\/wp-json\/wp\/v2\/pages\/4640\/revisions\/5234"}],"wp:attachment":[{"href":"https:\/\/cieptal.com\/en\/wp-json\/wp\/v2\/media?parent=4640"}],"curies":[{"name":"wp","href":"https:\/\/api.w.org\/{rel}","templated":true}]}}