{"id":4207,"date":"2019-05-09T11:59:49","date_gmt":"2019-05-09T11:59:49","guid":{"rendered":"https:\/\/cieptal.com\/?page_id=4207"},"modified":"2021-09-08T09:45:50","modified_gmt":"2021-09-08T09:45:50","slug":"certifications-smi","status":"publish","type":"page","link":"https:\/\/cieptal.com\/en\/certifications-smi\/","title":{"rendered":"Certifications and SMI"},"content":{"rendered":"<section class=\"wpb-content-wrapper\"><div class=\"vc_row wpb_row vc_row-fluid\"><div class=\"wpb_column vc_column_container vc_col-sm-12\"><div class=\"vc_column-inner\"><div class=\"wpb_wrapper\"><div class=\"vc_empty_space\"   style=\"height: 90px\"><span class=\"vc_empty_space_inner\"><\/span><\/div>\r\n\t<div class=\"wpb_text_column wpb_content_element\" >\r\n\t\t<div class=\"wpb_wrapper\">\r\n\t\t\t<h2 style=\"text-align: center;\">CIEPTAL promotes value creation through triple certification and an Integrated Management System (IMS)<\/h2>\n\r\n\t\t<\/div>\r\n\t<\/div>\r\n<\/div><\/div><\/div><\/div><div class=\"vc_row wpb_row vc_row-fluid\"><div class=\"wpb_column vc_column_container vc_col-sm-12\"><div class=\"vc_column-inner\"><div class=\"wpb_wrapper\"><div class=\"vc_empty_space\"   style=\"height: 90px\"><span class=\"vc_empty_space_inner\"><\/span><\/div><\/div><\/div><\/div><\/div><div data-vc-full-width=\"true\" data-vc-full-width-init=\"false\" data-vc-stretch-content=\"true\" class=\"vc_row wpb_row vc_row-fluid vc_custom_1560263959544 vc_row-has-fill\"><div class=\"wpb_column vc_column_container vc_col-sm-4\"><div class=\"vc_column-inner vc_custom_1561458004765\"><div class=\"wpb_wrapper\">\r\n\t<div class=\"wpb_text_column wpb_content_element\" >\r\n\t\t<div class=\"wpb_wrapper\">\r\n\t\t\t<h2 style=\"text-align: center;\"><span style=\"color: #ffffff;\"><strong>ISO 9001<\/strong><\/span><\/h2>\n<h2 style=\"text-align: center;\"><span style=\"color: #ffffff;\"><strong>\u00a0<\/strong><\/span><\/h2>\n\r\n\t\t<\/div>\r\n\t<\/div>\r\n<\/div><\/div><\/div><div class=\"wpb_column vc_column_container vc_col-sm-4\"><div class=\"vc_column-inner vc_custom_1561458015322\"><div class=\"wpb_wrapper\">\r\n\t<div class=\"wpb_text_column wpb_content_element  vc_custom_1558702207071\" >\r\n\t\t<div class=\"wpb_wrapper\">\r\n\t\t\t<h2 style=\"text-align: center;\"><strong><span style=\"color: #ffffff;\">ISO 14001<\/span><\/strong><\/h2>\n\r\n\t\t<\/div>\r\n\t<\/div>\r\n<\/div><\/div><\/div><div class=\"wpb_column vc_column_container vc_col-sm-4\"><div class=\"vc_column-inner vc_custom_1561458024480\"><div class=\"wpb_wrapper\">\r\n\t<div class=\"wpb_text_column wpb_content_element  vc_custom_1631094254111\" >\r\n\t\t<div class=\"wpb_wrapper\">\r\n\t\t\t<h2 style=\"text-align: center;\"><span style=\"color: #ffffff;\"><strong>ISO 45001<\/strong><\/span><\/h2>\n\r\n\t\t<\/div>\r\n\t<\/div>\r\n<\/div><\/div><\/div><\/div><div class=\"vc_row-full-width vc_clearfix\"><\/div><div class=\"vc_row wpb_row vc_row-fluid vc_custom_1560254664347\"><div class=\"wpb_column vc_column_container vc_col-sm-12\"><div class=\"vc_column-inner\"><div class=\"wpb_wrapper\"><div class=\"vc_empty_space\"   style=\"height: 90px\"><span class=\"vc_empty_space_inner\"><\/span><\/div><div class=\"\">\r\n\t<div class=\"rt-text-with-image\">\r\n\t\t<div class=\"row\">\r\n\t\t\t<div class=\"col-lg-6 col-md-6 col-sm-6 col-xs-12\">\r\n\t\t\t\t<div class=\"rtin-text-part\">\r\n\t\t\t\t\t\t\t\t\t\t<h2 style=\"color:#000000\">Triple certification ISO 9001 - ISO 14001 - ISO 45001<\/h2>\r\n\t\t\t\t\t\t\t\t\t\t<\/p>\n<p style=\"text-align: justify\">Our certification strategy is a guarantee of homogeneity throughout our organization and our processes.<\/p>\n<p style=\"text-align: justify\">Depuis 2010, l\u2019ensemble de nos sites a obtenu la triple certification qualit\u00e9-s\u00e9curit\u00e9-environnement ISO 9001, ISO 14001 et ISO 45001, qui conf\u00e8re \u00e0 CIEPTAL une politique globale de management des risques.<\/p>\n<p>\t\t\t\t<\/div>\r\n\t\t\t<\/div>\r\n\t\t\t<div class=\"col-lg-6 col-md-6 col-sm-6 col-xs-12\">\r\n\t\t\t\t<img loading=\"lazy\" decoding=\"async\" width=\"555\" height=\"450\" src=\"https:\/\/cieptal.com\/wp-content\/uploads\/2019\/07\/CIEPTAL-certifications-smi-3.jpg\" class=\"attachment-full size-full\" alt=\"\" srcset=\"https:\/\/cieptal.com\/wp-content\/uploads\/2019\/07\/CIEPTAL-certifications-smi-3.jpg 555w, https:\/\/cieptal.com\/wp-content\/uploads\/2019\/07\/CIEPTAL-certifications-smi-3-300x243.jpg 300w\" sizes=\"auto, (max-width: 555px) 100vw, 555px\" \/>\t\t\t<\/div>\r\n\t\t<\/div>\r\n\t<\/div>\r\n<\/div><\/div><\/div><\/div><\/div><div class=\"vc_row wpb_row vc_row-fluid vc_custom_1560254654394\"><div class=\"wpb_column vc_column_container vc_col-sm-4\"><div class=\"vc_column-inner vc_custom_1557404085081\"><div class=\"wpb_wrapper\">\r\n\t<div class=\"wpb_text_column wpb_content_element\" >\r\n\t\t<div class=\"wpb_wrapper\">\r\n\t\t\t<h2 style=\"text-align: center;\">ISO 9001:2015<\/h2>\n<p><img loading=\"lazy\" decoding=\"async\" class=\"aligncenter wp-image-5161 size-full\" src=\"https:\/\/cieptal.com\/wp-content\/uploads\/2019\/07\/CIEPTAL-iso-9001.jpg.png\" alt=\"\" width=\"329\" height=\"144\" srcset=\"https:\/\/cieptal.com\/wp-content\/uploads\/2019\/07\/CIEPTAL-iso-9001.jpg.png 329w, https:\/\/cieptal.com\/wp-content\/uploads\/2019\/07\/CIEPTAL-iso-9001.jpg-300x131.png 300w\" sizes=\"auto, (max-width: 329px) 100vw, 329px\" \/><\/p>\n\r\n\t\t<\/div>\r\n\t<\/div>\r\n\r\n\t<div class=\"wpb_text_column wpb_content_element  vc_custom_1562591367309\" >\r\n\t\t<div class=\"wpb_wrapper\">\r\n\t\t\t<p style=\"text-align: justify;\"><img loading=\"lazy\" decoding=\"async\" class=\"wp-image-4287 alignnone\" src=\"https:\/\/cieptal.com\/wp-content\/uploads\/2019\/05\/CIEPTAL-picto-fleche-v3.png\" alt=\"\" width=\"20\" height=\"19\" srcset=\"https:\/\/cieptal.com\/wp-content\/uploads\/2019\/05\/CIEPTAL-picto-fleche-v3.png 180w, https:\/\/cieptal.com\/wp-content\/uploads\/2019\/05\/CIEPTAL-picto-fleche-v3-150x150.png 150w, https:\/\/cieptal.com\/wp-content\/uploads\/2019\/05\/CIEPTAL-picto-fleche-v3-92x92.png 92w\" sizes=\"auto, (max-width: 20px) 100vw, 20px\" \/> The ISO 9001 standard,<br \/>\nis a a standard that defines the criteria for a quality management system, notably involving a strong customer orientation and the continuous improvement of the services offered, with the commitment and motivation of the management.<\/p>\n\r\n\t\t<\/div>\r\n\t<\/div>\r\n<\/div><\/div><\/div><div class=\"wpb_column vc_column_container vc_col-sm-4\"><div class=\"vc_column-inner\"><div class=\"wpb_wrapper\">\r\n\t<div class=\"wpb_text_column wpb_content_element\" >\r\n\t\t<div class=\"wpb_wrapper\">\r\n\t\t\t<h2 style=\"text-align: center;\">ISO 14001:2015<\/h2>\n<p style=\"text-align: center;\"><img loading=\"lazy\" decoding=\"async\" class=\"aligncenter wp-image-5163 size-full\" src=\"https:\/\/cieptal.com\/wp-content\/uploads\/2019\/07\/CIEPTAL-iso-14001.jpg.png\" alt=\"\" width=\"329\" height=\"144\" srcset=\"https:\/\/cieptal.com\/wp-content\/uploads\/2019\/07\/CIEPTAL-iso-14001.jpg.png 329w, https:\/\/cieptal.com\/wp-content\/uploads\/2019\/07\/CIEPTAL-iso-14001.jpg-300x131.png 300w\" sizes=\"auto, (max-width: 329px) 100vw, 329px\" \/><\/p>\n\r\n\t\t<\/div>\r\n\t<\/div>\r\n\r\n\t<div class=\"wpb_text_column wpb_content_element  vc_custom_1562591465705\" >\r\n\t\t<div class=\"wpb_wrapper\">\r\n\t\t\t<p style=\"text-align: justify;\"><img loading=\"lazy\" decoding=\"async\" class=\"alignnone wp-image-4287\" src=\"https:\/\/cieptal.com\/wp-content\/uploads\/2019\/05\/CIEPTAL-picto-fleche-v3.png\" alt=\"\" width=\"20\" height=\"19\" srcset=\"https:\/\/cieptal.com\/wp-content\/uploads\/2019\/05\/CIEPTAL-picto-fleche-v3.png 180w, https:\/\/cieptal.com\/wp-content\/uploads\/2019\/05\/CIEPTAL-picto-fleche-v3-150x150.png 150w, https:\/\/cieptal.com\/wp-content\/uploads\/2019\/05\/CIEPTAL-picto-fleche-v3-92x92.png 92w\" sizes=\"auto, (max-width: 20px) 100vw, 20px\" \/>The ISO 14001 standard,<br \/>\n(established by the International Organization for Standardization) is part of sustainable development and is based on the establishment of an environmental management system (continuous improvement and specific requirements).<\/p>\n\r\n\t\t<\/div>\r\n\t<\/div>\r\n<\/div><\/div><\/div><div class=\"wpb_column vc_column_container vc_col-sm-4\"><div class=\"vc_column-inner\"><div class=\"wpb_wrapper\">\r\n\t<div class=\"wpb_text_column wpb_content_element\" >\r\n\t\t<div class=\"wpb_wrapper\">\r\n\t\t\t<h2 style=\"text-align: center;\">ISO 45001:2018<\/h2>\n<p><img loading=\"lazy\" decoding=\"async\" class=\"aligncenter wp-image-5705 size-full\" src=\"https:\/\/cieptal.com\/wp-content\/uploads\/2021\/09\/photo-logo-iso-45001.png\" alt=\"\" width=\"329\" height=\"144\" srcset=\"https:\/\/cieptal.com\/wp-content\/uploads\/2021\/09\/photo-logo-iso-45001.png 329w, https:\/\/cieptal.com\/wp-content\/uploads\/2021\/09\/photo-logo-iso-45001-300x131.png 300w, https:\/\/cieptal.com\/wp-content\/uploads\/2021\/09\/photo-logo-iso-45001-18x8.png 18w\" sizes=\"auto, (max-width: 329px) 100vw, 329px\" \/><\/p>\n\r\n\t\t<\/div>\r\n\t<\/div>\r\n\r\n\t<div class=\"wpb_text_column wpb_content_element  vc_custom_1631092512377\" >\r\n\t\t<div class=\"wpb_wrapper\">\r\n\t\t\t<p style=\"text-align: justify;\"><img loading=\"lazy\" decoding=\"async\" class=\"alignnone wp-image-4287\" src=\"https:\/\/cieptal.com\/wp-content\/uploads\/2019\/05\/CIEPTAL-picto-fleche-v3.png\" alt=\"\" width=\"20\" height=\"19\" srcset=\"https:\/\/cieptal.com\/wp-content\/uploads\/2019\/05\/CIEPTAL-picto-fleche-v3.png 180w, https:\/\/cieptal.com\/wp-content\/uploads\/2019\/05\/CIEPTAL-picto-fleche-v3-150x150.png 150w, https:\/\/cieptal.com\/wp-content\/uploads\/2019\/05\/CIEPTAL-picto-fleche-v3-92x92.png 92w\" sizes=\"auto, (max-width: 20px) 100vw, 20px\" \/>The ISO 45001 standard,<br \/>\nwithin the framework of the safety and protection of workers, contributes to the improvement of the performance of the company by creating better working conditions for each one, to me to manage the professional risks related to the activity by improving worker safety and reducing risks for workers.<\/p>\n\r\n\t\t<\/div>\r\n\t<\/div>\r\n<\/div><\/div><\/div><\/div><div class=\"vc_row wpb_row vc_row-fluid vc_custom_1558701580542\"><div class=\"wpb_column vc_column_container vc_col-sm-12\"><div class=\"vc_column-inner\"><div class=\"wpb_wrapper\"><div class=\"\">\r\n\t<div class=\"rt-text-with-image\">\r\n\t\t<div class=\"row\">\r\n\t\t\t<div class=\"col-lg-6 col-md-6 col-sm-6 col-xs-12\">\r\n\t\t\t\t<img loading=\"lazy\" decoding=\"async\" width=\"555\" height=\"450\" src=\"https:\/\/cieptal.com\/wp-content\/uploads\/2019\/05\/CIEPTAL-certifications-smi-2.jpg\" class=\"attachment-full size-full\" alt=\"\" srcset=\"https:\/\/cieptal.com\/wp-content\/uploads\/2019\/05\/CIEPTAL-certifications-smi-2.jpg 555w, https:\/\/cieptal.com\/wp-content\/uploads\/2019\/05\/CIEPTAL-certifications-smi-2-300x243.jpg 300w\" sizes=\"auto, (max-width: 555px) 100vw, 555px\" \/>\t\t\t<\/div>\t\t\t\t\t\r\n\t\t\t<div class=\"col-lg-6 col-md-6 col-sm-6 col-xs-12\">\r\n\t\t\t\t<div class=\"rtin-text-part\">\r\n\t\t\t\t\t\t\t\t\t\t<h2 style=\"color:#000000\">Integrated Management System (IMS)<\/h2>\r\n\t\t\t\t\t\t\t\t\t\t<\/p>\n<p style=\"text-align: justify\">Conscious of the stakes, and anxious to adapt to all constraints in a concern for development, adaptation and sustainability, CIEPTAL is based on an Integrated Management System (IMS) since 2010.<\/p>\n<p style=\"text-align: justify\">Continuous improvement, objective zero accidents, and control of environmental impacts are the guideline of our Quality-Safety-Environment management.<\/p>\n<p>\t\t\t\t<\/div>\r\n\t\t\t<\/div>\r\n\t\t<\/div>\r\n\t<\/div>\r\n<\/div><\/div><\/div><\/div><\/div><div class=\"vc_row wpb_row vc_row-fluid\"><div class=\"wpb_column vc_column_container vc_col-sm-12\"><div class=\"vc_column-inner\"><div class=\"wpb_wrapper\"><div class=\"vc_empty_space\"   style=\"height: 50px\"><span class=\"vc_empty_space_inner\"><\/span><\/div><\/div><\/div><\/div><\/div><div class=\"vc_row wpb_row vc_row-fluid\"><div class=\"wpb_column vc_column_container vc_col-sm-12\"><div class=\"vc_column-inner\"><div class=\"wpb_wrapper\">\r\n\t<div class=\"wpb_text_column wpb_content_element\" >\r\n\t\t<div class=\"wpb_wrapper\">\r\n\t\t\t<h2>From the Director General<\/h2>\n\r\n\t\t<\/div>\r\n\t<\/div>\r\n<\/div><\/div><\/div><\/div><div class=\"vc_row wpb_row vc_row-fluid\"><div class=\"wpb_column vc_column_container vc_col-sm-2\"><div class=\"vc_column-inner\"><div class=\"wpb_wrapper\"><\/div><\/div><\/div><div class=\"wpb_column vc_column_container vc_col-sm-2\"><div class=\"vc_column-inner\"><div class=\"wpb_wrapper\"><div class=\"vc_empty_space\"   style=\"height: 20px\"><span class=\"vc_empty_space_inner\"><\/span><\/div>\r\n\t<div  class=\"wpb_single_image wpb_content_element vc_align_right\">\r\n\t\t\r\n\t\t<figure class=\"wpb_wrapper vc_figure\">\r\n\t\t\t<div class=\"vc_single_image-wrapper vc_box_circle  vc_box_border_grey\"><img loading=\"lazy\" decoding=\"async\" class=\"vc_single_image-img\" src=\"https:\/\/cieptal.com\/wp-content\/uploads\/2019\/06\/CIEPTAL-Arezki-MAZRI-200x200.jpg\" width=\"200\" height=\"200\" alt=\"CIEPTAL-Arezki-MAZRI\" title=\"CIEPTAL-Arezki-MAZRI\" \/><\/div>\r\n\t\t<\/figure>\r\n\t<\/div>\r\n<\/div><\/div><\/div><div class=\"wpb_column vc_column_container vc_col-sm-6 vc_col-has-fill\"><div class=\"vc_column-inner vc_custom_1556548016059\"><div class=\"wpb_wrapper\">\r\n\t<div class=\"wpb_text_column wpb_content_element\" >\r\n\t\t<div class=\"wpb_wrapper\">\r\n\t\t\t<h3 style=\"text-align: justify;\"><span style=\"color: #000000;\"><strong>Arezki MAZRI<\/strong><\/span><br \/>\n<span style=\"color: #000000;\"><strong>Director General<\/strong><\/span><\/h3>\n<p style=\"text-align: left;\">Through our 23 years of experience, CIEPTAL deploys daily its professionalism in terms of full catering services to satisfy all stakeholders...<\/p>\n\r\n\t\t<\/div>\r\n\t<\/div>\r\n<div class=\"vc_btn3-container vc_btn3-inline vc_custom_1556630443495\" ><button onmouseleave=\"this.style.borderColor='#0d496f'; this.style.backgroundColor='transparent'; this.style.color='#0d496f'\" onmouseenter=\"this.style.borderColor='#0d496f'; this.style.backgroundColor='#0d496f'; this.style.color='#ffffff';\" style=\"border-color:#0d496f; color:#0d496f;\" class=\"vc_general vc_btn3 vc_btn3-size-md vc_btn3-shape-square vc_btn3-style-outline-custom\">Learn more<\/button><\/div><\/div><\/div><\/div><div class=\"wpb_column vc_column_container vc_col-sm-2\"><div class=\"vc_column-inner\"><div class=\"wpb_wrapper\"><\/div><\/div><\/div><\/div><div class=\"vc_row wpb_row vc_row-fluid\"><div class=\"wpb_column vc_column_container vc_col-sm-12\"><div class=\"vc_column-inner\"><div class=\"wpb_wrapper\">\r\n\t<div class=\"wpb_text_column wpb_content_element  vc_custom_1560255362706\" >\r\n\t\t<div class=\"wpb_wrapper\">\r\n\t\t\t<h2 style=\"text-align: center;\"><strong>Learn more<\/strong><\/h2>\n\r\n\t\t<\/div>\r\n\t<\/div>\r\n<\/div><\/div><\/div><\/div><div class=\"vc_row wpb_row vc_row-fluid vc_custom_1558702009119 vc_column-gap-30\"><div class=\"wpb_column vc_column_container vc_col-sm-4 vc_col-has-fill\"><div class=\"vc_column-inner vc_custom_1558952990419\"><div class=\"wpb_wrapper\">\r\n\t<div class=\"wpb_text_column wpb_content_element\" >\r\n\t\t<div class=\"wpb_wrapper\">\r\n\t\t\t<div class=\"eds-animate\" data-eds-entry-animation=\"zoomIn\" data-eds-entry-delay=\"0\" data-eds-entry-duration=\"1\" data-eds-entry-timing=\"linear\" data-eds-exit-animation=\"\" data-eds-exit-delay=\"\" data-eds-exit-duration=\"\" data-eds-exit-timing=\"\" data-eds-repeat-count=\"1\" data-eds-keep=\"yes\" data-eds-animate-on=\"hover\" data-eds-scroll-offset=\"\">\n<h2 style=\"text-align: center;\" class=\"translation-block\"><a href=\"https:\/\/cieptal.com\/en\/engagement-qhse\/\" target=\"_self\"><strong><span style=\"color: #ffffff\">Our QHSE<br>\nCommitments<\/span><\/strong><\/a><\/h2>\n<\/div>\n\r\n\t\t<\/div>\r\n\t<\/div>\r\n<\/div><\/div><\/div><div class=\"wpb_column vc_column_container vc_col-sm-4 vc_col-has-fill\"><div class=\"vc_column-inner vc_custom_1558952854722\"><div class=\"wpb_wrapper\">\r\n\t<div class=\"wpb_text_column wpb_content_element\" >\r\n\t\t<div class=\"wpb_wrapper\">\r\n\t\t\t<div class=\"eds-animate\" data-eds-entry-animation=\"zoomIn\" data-eds-entry-delay=\"0\" data-eds-entry-duration=\"1\" data-eds-entry-timing=\"linear\" data-eds-exit-animation=\"\" data-eds-exit-delay=\"\" data-eds-exit-duration=\"\" data-eds-exit-timing=\"\" data-eds-repeat-count=\"1\" data-eds-keep=\"yes\" data-eds-animate-on=\"hover\" data-eds-scroll-offset=\"\">\n<h2 style=\"text-align: center;\"><a href=\"https:\/\/cieptal.com\/en\/formation\/\"><strong><span style=\"color: #ffffff;\">Training<\/span><\/strong><\/a><\/h2>\n<\/div>\n\r\n\t\t<\/div>\r\n\t<\/div>\r\n<\/div><\/div><\/div><div class=\"wpb_column vc_column_container vc_col-sm-4 vc_col-has-fill\"><div class=\"vc_column-inner vc_custom_1558952942581\"><div class=\"wpb_wrapper\">\r\n\t<div class=\"wpb_text_column wpb_content_element\" >\r\n\t\t<div class=\"wpb_wrapper\">\r\n\t\t\t<div class=\"eds-animate\" data-eds-entry-animation=\"zoomIn\" data-eds-entry-delay=\"0\" data-eds-entry-duration=\"1\" data-eds-entry-timing=\"linear\" data-eds-exit-animation=\"\" data-eds-exit-delay=\"\" data-eds-exit-duration=\"\" data-eds-exit-timing=\"\" data-eds-repeat-count=\"1\" data-eds-keep=\"yes\" data-eds-animate-on=\"hover\" data-eds-scroll-offset=\"\">\n<h2 style=\"text-align: center;\"><a href=\"https:\/\/cieptal.com\/en\/notre-expertise\/\"><strong><span style=\"color: #ffffff;\">Our Expertise<\/span><\/strong><\/a><\/h2>\n<\/div>\n\r\n\t\t<\/div>\r\n\t<\/div>\r\n<\/div><\/div><\/div><\/div><div data-vc-full-width=\"true\" data-vc-full-width-init=\"false\" data-vc-stretch-content=\"true\" class=\"vc_row wpb_row vc_row-fluid vc_custom_1556630654187 vc_row-has-fill\"><div class=\"wpb_column vc_column_container vc_col-sm-8\"><div class=\"vc_column-inner\"><div class=\"wpb_wrapper\">\r\n\t<div class=\"wpb_text_column wpb_content_element  vc_custom_1556113761538\" >\r\n\t\t<div class=\"wpb_wrapper\">\r\n\t\t\t<h2 style=\"text-align: left;\"><strong><span style=\"color: #ffffff;\">Join the CIEPTAL experience<\/span><\/strong><\/h2>\n\r\n\t\t<\/div>\r\n\t<\/div>\r\n<\/div><\/div><\/div><div class=\"wpb_column vc_column_container vc_col-sm-4\"><div class=\"vc_column-inner\"><div class=\"wpb_wrapper\">\r\n\t<div class=\"wpb_text_column wpb_content_element  vc_custom_1558953081319\" >\r\n\t\t<div class=\"wpb_wrapper\">\r\n\t\t\t<div class=\"eds-animate\" data-eds-entry-animation=\"push\" data-eds-entry-delay=\"0\" data-eds-entry-duration=\"1\" data-eds-entry-timing=\"linear\" data-eds-exit-animation=\"\" data-eds-exit-delay=\"\" data-eds-exit-duration=\"\" data-eds-exit-timing=\"\" data-eds-repeat-count=\"1\" data-eds-keep=\"yes\" data-eds-animate-on=\"hover\" data-eds-scroll-offset=\"\">\n<h2 style=\"text-align: right;\"><a href=\"https:\/\/cieptal.com\/en\/rejoignez-nous\/\"><span style=\"color: #ffffff;\"><strong>Join us <img loading=\"lazy\" decoding=\"async\" class=\"wp-image-3946 alignright\" src=\"https:\/\/cieptal.com\/wp-content\/uploads\/2019\/04\/bouton-main.png\" alt=\"\" width=\"32\" height=\"58\" \/><\/strong><\/span><\/a><\/h2>\n<\/div>\n\r\n\t\t<\/div>\r\n\t<\/div>\r\n<\/div><\/div><\/div><\/div><div class=\"vc_row-full-width vc_clearfix\"><\/div>\n<\/section>","protected":false},"excerpt":{"rendered":"CIEPTAL favorise la cr\u00e9ation de valeur gr\u00e2ce \u00e0 sa triple certification et son Syst\u00e8me de Management Int\u00e9gr\u00e9 (SMI) ISO 9001 \u00a0 ISO 14001 ISO 45001 Triple certification ISO 9001 - ISO 14001 - ISO 45001 Notre strat\u00e9gie de certification est une garantie d\u2019homog\u00e9n\u00e9it\u00e9 de l\u2019ensemble de notre organisation et de nos processus. Depuis 2010, l\u2019ensemble [...]","protected":false},"author":2,"featured_media":0,"parent":0,"menu_order":0,"comment_status":"closed","ping_status":"closed","template":"","meta":{"footnotes":""},"class_list":["post-4207","page","type-page","status-publish","hentry"],"yoast_head":"<!-- This site is optimized with the Yoast SEO plugin v27.3 - https:\/\/yoast.com\/product\/yoast-seo-wordpress\/ -->\n<title>Certifications et SMI - CIEPTAL<\/title>\n<meta name=\"robots\" content=\"index, follow, max-snippet:-1, max-image-preview:large, max-video-preview:-1\" \/>\n<link rel=\"canonical\" href=\"https:\/\/cieptal.com\/en\/certifications-smi\/\" \/>\n<meta property=\"og:locale\" content=\"en_GB\" \/>\n<meta property=\"og:type\" content=\"article\" \/>\n<meta property=\"og:title\" content=\"Certifications et SMI - CIEPTAL\" \/>\n<meta property=\"og:url\" content=\"https:\/\/cieptal.com\/en\/certifications-smi\/\" \/>\n<meta property=\"og:site_name\" content=\"CIEPTAL\" \/>\n<meta property=\"article:modified_time\" content=\"2021-09-08T09:45:50+00:00\" \/>\n<meta property=\"og:image\" content=\"https:\/\/cieptal.com\/wp-content\/uploads\/2019\/07\/CIEPTAL-iso-9001.jpg.png\" \/>\n<meta name=\"twitter:card\" content=\"summary_large_image\" \/>\n<meta name=\"twitter:label1\" content=\"Estimated reading time\" \/>\n\t<meta name=\"twitter:data1\" content=\"4 minutes\" \/>\n<script type=\"application\/ld+json\" class=\"yoast-schema-graph\">{\"@context\":\"https:\\\/\\\/schema.org\",\"@graph\":[{\"@type\":\"WebPage\",\"@id\":\"https:\\\/\\\/cieptal.com\\\/certifications-smi\\\/\",\"url\":\"https:\\\/\\\/cieptal.com\\\/certifications-smi\\\/\",\"name\":\"Certifications et SMI - CIEPTAL\",\"isPartOf\":{\"@id\":\"https:\\\/\\\/cieptal.com\\\/#website\"},\"primaryImageOfPage\":{\"@id\":\"https:\\\/\\\/cieptal.com\\\/certifications-smi\\\/#primaryimage\"},\"image\":{\"@id\":\"https:\\\/\\\/cieptal.com\\\/certifications-smi\\\/#primaryimage\"},\"thumbnailUrl\":\"https:\\\/\\\/cieptal.com\\\/wp-content\\\/uploads\\\/2019\\\/07\\\/CIEPTAL-iso-9001.jpg.png\",\"datePublished\":\"2019-05-09T11:59:49+00:00\",\"dateModified\":\"2021-09-08T09:45:50+00:00\",\"breadcrumb\":{\"@id\":\"https:\\\/\\\/cieptal.com\\\/certifications-smi\\\/#breadcrumb\"},\"inLanguage\":\"en-GB\",\"potentialAction\":[{\"@type\":\"ReadAction\",\"target\":[\"https:\\\/\\\/cieptal.com\\\/certifications-smi\\\/\"]}]},{\"@type\":\"ImageObject\",\"inLanguage\":\"en-GB\",\"@id\":\"https:\\\/\\\/cieptal.com\\\/certifications-smi\\\/#primaryimage\",\"url\":\"https:\\\/\\\/cieptal.com\\\/wp-content\\\/uploads\\\/2019\\\/07\\\/CIEPTAL-iso-9001.jpg.png\",\"contentUrl\":\"https:\\\/\\\/cieptal.com\\\/wp-content\\\/uploads\\\/2019\\\/07\\\/CIEPTAL-iso-9001.jpg.png\"},{\"@type\":\"BreadcrumbList\",\"@id\":\"https:\\\/\\\/cieptal.com\\\/certifications-smi\\\/#breadcrumb\",\"itemListElement\":[{\"@type\":\"ListItem\",\"position\":1,\"name\":\"Accueil\",\"item\":\"https:\\\/\\\/cieptal.com\\\/\"},{\"@type\":\"ListItem\",\"position\":2,\"name\":\"Certifications et SMI\"}]},{\"@type\":\"WebSite\",\"@id\":\"https:\\\/\\\/cieptal.com\\\/#website\",\"url\":\"https:\\\/\\\/cieptal.com\\\/\",\"name\":\"CIEPTAL\",\"description\":\"Integrated Life Support Services\",\"potentialAction\":[{\"@type\":\"SearchAction\",\"target\":{\"@type\":\"EntryPoint\",\"urlTemplate\":\"https:\\\/\\\/cieptal.com\\\/?s={search_term_string}\"},\"query-input\":{\"@type\":\"PropertyValueSpecification\",\"valueRequired\":true,\"valueName\":\"search_term_string\"}}],\"inLanguage\":\"en-GB\"}]}<\/script>\n<!-- \/ Yoast SEO plugin. -->","yoast_head_json":{"title":"Certifications et SMI - CIEPTAL","robots":{"index":"index","follow":"follow","max-snippet":"max-snippet:-1","max-image-preview":"max-image-preview:large","max-video-preview":"max-video-preview:-1"},"canonical":"https:\/\/cieptal.com\/en\/certifications-smi\/","og_locale":"en_GB","og_type":"article","og_title":"Certifications et SMI - CIEPTAL","og_url":"https:\/\/cieptal.com\/en\/certifications-smi\/","og_site_name":"CIEPTAL","article_modified_time":"2021-09-08T09:45:50+00:00","og_image":[{"url":"https:\/\/cieptal.com\/wp-content\/uploads\/2019\/07\/CIEPTAL-iso-9001.jpg.png","type":"","width":"","height":""}],"twitter_card":"summary_large_image","twitter_misc":{"Estimated reading time":"4 minutes"},"schema":{"@context":"https:\/\/schema.org","@graph":[{"@type":"WebPage","@id":"https:\/\/cieptal.com\/certifications-smi\/","url":"https:\/\/cieptal.com\/certifications-smi\/","name":"Certifications et SMI - CIEPTAL","isPartOf":{"@id":"https:\/\/cieptal.com\/#website"},"primaryImageOfPage":{"@id":"https:\/\/cieptal.com\/certifications-smi\/#primaryimage"},"image":{"@id":"https:\/\/cieptal.com\/certifications-smi\/#primaryimage"},"thumbnailUrl":"https:\/\/cieptal.com\/wp-content\/uploads\/2019\/07\/CIEPTAL-iso-9001.jpg.png","datePublished":"2019-05-09T11:59:49+00:00","dateModified":"2021-09-08T09:45:50+00:00","breadcrumb":{"@id":"https:\/\/cieptal.com\/certifications-smi\/#breadcrumb"},"inLanguage":"en-GB","potentialAction":[{"@type":"ReadAction","target":["https:\/\/cieptal.com\/certifications-smi\/"]}]},{"@type":"ImageObject","inLanguage":"en-GB","@id":"https:\/\/cieptal.com\/certifications-smi\/#primaryimage","url":"https:\/\/cieptal.com\/wp-content\/uploads\/2019\/07\/CIEPTAL-iso-9001.jpg.png","contentUrl":"https:\/\/cieptal.com\/wp-content\/uploads\/2019\/07\/CIEPTAL-iso-9001.jpg.png"},{"@type":"BreadcrumbList","@id":"https:\/\/cieptal.com\/certifications-smi\/#breadcrumb","itemListElement":[{"@type":"ListItem","position":1,"name":"Accueil","item":"https:\/\/cieptal.com\/"},{"@type":"ListItem","position":2,"name":"Certifications et SMI"}]},{"@type":"WebSite","@id":"https:\/\/cieptal.com\/#website","url":"https:\/\/cieptal.com\/","name":"CIEPTAL","description":"Integrated Life Support Services","potentialAction":[{"@type":"SearchAction","target":{"@type":"EntryPoint","urlTemplate":"https:\/\/cieptal.com\/?s={search_term_string}"},"query-input":{"@type":"PropertyValueSpecification","valueRequired":true,"valueName":"search_term_string"}}],"inLanguage":"en-GB"}]}},"_links":{"self":[{"href":"https:\/\/cieptal.com\/en\/wp-json\/wp\/v2\/pages\/4207","targetHints":{"allow":["GET"]}}],"collection":[{"href":"https:\/\/cieptal.com\/en\/wp-json\/wp\/v2\/pages"}],"about":[{"href":"https:\/\/cieptal.com\/en\/wp-json\/wp\/v2\/types\/page"}],"author":[{"embeddable":true,"href":"https:\/\/cieptal.com\/en\/wp-json\/wp\/v2\/users\/2"}],"replies":[{"embeddable":true,"href":"https:\/\/cieptal.com\/en\/wp-json\/wp\/v2\/comments?post=4207"}],"version-history":[{"count":65,"href":"https:\/\/cieptal.com\/en\/wp-json\/wp\/v2\/pages\/4207\/revisions"}],"predecessor-version":[{"id":5709,"href":"https:\/\/cieptal.com\/en\/wp-json\/wp\/v2\/pages\/4207\/revisions\/5709"}],"wp:attachment":[{"href":"https:\/\/cieptal.com\/en\/wp-json\/wp\/v2\/media?parent=4207"}],"curies":[{"name":"wp","href":"https:\/\/api.w.org\/{rel}","templated":true}]}}