{"id":3862,"date":"2019-04-08T15:43:07","date_gmt":"2019-04-08T15:43:07","guid":{"rendered":"https:\/\/cieptal.com\/?page_id=3862"},"modified":"2021-12-07T14:41:39","modified_gmt":"2021-12-07T14:41:39","slug":"politique-de-ressources-humaines","status":"publish","type":"page","link":"https:\/\/cieptal.com\/en\/politique-de-ressources-humaines\/","title":{"rendered":"Human Resources Policy"},"content":{"rendered":"<section class=\"wpb-content-wrapper\"><div class=\"vc_row wpb_row vc_row-fluid\"><div class=\"wpb_column vc_column_container vc_col-sm-12\"><div class=\"vc_column-inner\"><div class=\"wpb_wrapper\"><div class=\"vc_empty_space\"   style=\"height: 90px\"><span class=\"vc_empty_space_inner\"><\/span><\/div>\r\n\t<div class=\"wpb_text_column wpb_content_element\" >\r\n\t\t<div class=\"wpb_wrapper\">\r\n\t\t\t<h2 style=\"text-align: center;\" class=\"translation-block\">Join the 4,640 employees of CIEPTAL,<br>\namong the first Algerian employers in the catering and accommodation sector<\/h2>\n\r\n\t\t<\/div>\r\n\t<\/div>\r\n<\/div><\/div><\/div><div class=\"wpb_column vc_column_container vc_col-sm-12\"><div class=\"vc_column-inner\"><div class=\"wpb_wrapper\"><div class=\"vc_empty_space\"   style=\"height: 90px\"><span class=\"vc_empty_space_inner\"><\/span><\/div><\/div><\/div><\/div><\/div><div data-vc-full-width=\"true\" data-vc-full-width-init=\"false\" data-vc-stretch-content=\"true\" class=\"vc_row wpb_row vc_row-fluid vc_custom_1561984394160 vc_row-has-fill\"><div class=\"wpb_column vc_column_container vc_col-sm-6\"><div class=\"vc_column-inner vc_custom_1561984565575\"><div class=\"wpb_wrapper\">\r\n\t<div class=\"wpb_text_column wpb_content_element  vc_custom_1638887920443\" >\r\n\t\t<div class=\"wpb_wrapper\">\r\n\t\t\t<h2><span style=\"color: #ffffff;\"><em>\"Common values and motivated teams, CIEPTAL is responsive to the challenges of tomorrow\"<\/em><\/span><\/h2>\n<div class=\"wpb_column vc_column_container vc_col-sm-8\">\n<div class=\"vc_column-inner\">\n<div class=\"wpb_wrapper\">\n<div class=\"wpb_text_column wpb_content_element vc_custom_1554820284048\">\n<div class=\"wpb_wrapper\">\n<h3><span class=\"auteur\" style=\"color: #ffffff;\">Arezki MAZRI, Directeur G\u00e9n\u00e9ral<\/span><\/h3>\n<\/div>\n<\/div>\n<\/div>\n<\/div>\n<\/div>\n<div class=\"wpb_column vc_column_container vc_col-sm-4\"><\/div>\n\r\n\t\t<\/div>\r\n\t<\/div>\r\n<\/div><\/div><\/div><div class=\"wpb_column vc_column_container vc_col-sm-6\"><div class=\"vc_column-inner\"><div class=\"wpb_wrapper\"><\/div><\/div><\/div><\/div><div class=\"vc_row-full-width vc_clearfix\"><\/div><div class=\"vc_row wpb_row vc_row-fluid\"><div class=\"wpb_column vc_column_container vc_col-sm-4\"><div class=\"vc_column-inner\"><div class=\"wpb_wrapper\">\r\n\t<div  class=\"wpb_single_image wpb_content_element vc_align_left\">\r\n\t\t\r\n\t\t<figure class=\"wpb_wrapper vc_figure\">\r\n\t\t\t<div class=\"vc_single_image-wrapper   vc_box_border_grey\"><img loading=\"lazy\" decoding=\"async\" width=\"360\" height=\"500\" src=\"https:\/\/cieptal.com\/wp-content\/uploads\/2019\/07\/CIEPTAL-politique-ressources-humaines-DRH.jpg\" class=\"vc_single_image-img attachment-large\" alt=\"\" title=\"CIEPTAL-politique-ressources-humaines-DRH\" srcset=\"https:\/\/cieptal.com\/wp-content\/uploads\/2019\/07\/CIEPTAL-politique-ressources-humaines-DRH.jpg 360w, https:\/\/cieptal.com\/wp-content\/uploads\/2019\/07\/CIEPTAL-politique-ressources-humaines-DRH-216x300.jpg 216w\" sizes=\"auto, (max-width: 360px) 100vw, 360px\" \/><\/div>\r\n\t\t<\/figure>\r\n\t<\/div>\r\n<\/div><\/div><\/div><div class=\"wpb_column vc_column_container vc_col-sm-8\"><div class=\"vc_column-inner\"><div class=\"wpb_wrapper\">\r\n\t<div class=\"wpb_text_column wpb_content_element\" >\r\n\t\t<div class=\"wpb_wrapper\">\r\n\t\t\t<h2>CIEPTAL's Human Resources Policy is based on strong unifying values that give it a human dimension.<\/h2>\n<p style=\"text-align: justify;\" class=\"translation-block\">At CIEPTAL, team spirit guarantees cohesion in the service of the operational result. The passion of the <a href=\"https:\/\/cieptal.com\/en\/presentation\/\" target=\"_self\"><span style=\"text-decoration: underline\"><strong>profession<\/strong><\/span><\/a> leads to the <a href=\"https:\/\/cieptal.com\/en\/engagement-qhse\/\" target=\"_self\"><span style=\"text-decoration: underline\"><strong>commitment<\/strong><\/span><\/a> of our collaborators.  This <a href=\"https:\/\/cieptal.com\/en\/engagement-qhse\/\" target=\"_self\"><strong><span style=\"text-decoration: underline\">commitment<\/span><\/strong><\/a> is reflected daily in the search for operational excellence, serving our internal and external customers.<\/p>\n<p style=\"text-align: justify;\">Respect for individuals and their respective contributions, but also of all our partners, remains a important principle for CIEPTAL.<\/p>\n<p style=\"text-align: justify;\" class=\"translation-block\">Finally, CIEPTAL 's social <a href=\"https:\/\/cieptal.com\/en\/engagement-qhse\/\" target=\"_self\"><span style=\"text-decoration: underline\"><strong>commitment<\/strong><\/span><\/a> is based on five pillars: Local Development,  <a href=\"https:\/\/cieptal.com\/en\/formation\/\" target=\"_self\"><span style=\"text-decoration: underline\"><strong>Training<\/strong><\/span><\/a>, Coaching, Respect, Solidarity.<\/p>\n<p style=\"text-align: justify;\">CIEPTAL relies on an ethical charter and a security policy, essential to maintain trust and operational efficiency.<\/p>\n<p style=\"text-align: justify;\">These values testify to CIEPTAL's desire to develop, through the men and women who make it up.<\/p>\n<p><strong><span style=\"color: #000000;\">Fatsah Boucheta<br \/>\n<\/span><\/strong><b>Director of Human Resources CIEPTAL<\/b><\/p>\n\r\n\t\t<\/div>\r\n\t<\/div>\r\n<div class=\"vc_empty_space\"   style=\"height: 50px\"><span class=\"vc_empty_space_inner\"><\/span><\/div><\/div><\/div><\/div><\/div><div data-vc-full-width=\"true\" data-vc-full-width-init=\"false\" data-vc-parallax=\"1.5\" data-vc-parallax-image=\"https:\/\/cieptal.com\/wp-content\/uploads\/2019\/02\/cieptal.jpg\" class=\"vc_row wpb_row vc_row-fluid vc_row-has-fill vc_general vc_parallax vc_parallax-content-moving\"><div class=\"wpb_column vc_column_container vc_col-sm-4\"><div class=\"vc_column-inner\"><div class=\"wpb_wrapper\">\r\n\t<div class=\"wpb_text_column wpb_content_element  vc_custom_1638888076979\" >\r\n\t\t<div class=\"wpb_wrapper\">\r\n\t\t\t<h2 class=\"title title-1 form-title\"><strong>Join us<\/strong><\/h2>\n<p class=\"form-intro\" style=\"text-align: left;\">With 78 operations sites to manage in the country, CIEPTAL offers opportunities for everyone ...<\/p>\n\r\n\t\t<\/div>\r\n\t<\/div>\r\n<div class=\"vc_empty_space\"   style=\"height: 40px\"><span class=\"vc_empty_space_inner\"><\/span><\/div><div class=\"vc_btn3-container vc_btn3-center vc_custom_1561374760123\" ><button onmouseleave=\"this.style.borderColor='#0d496f'; this.style.backgroundColor='transparent'; this.style.color='#0d496f'\" onmouseenter=\"this.style.borderColor='#0d496f'; this.style.backgroundColor='#0d496f'; this.style.color='#ffffff';\" style=\"border-color:#0d496f; color:#0d496f;\" class=\"vc_general vc_btn3 vc_btn3-size-lg vc_btn3-shape-square vc_btn3-style-outline-custom vc_btn3-block\">Learn more<\/button><\/div><div class=\"vc_empty_space\"   style=\"height: 40px\"><span class=\"vc_empty_space_inner\"><\/span><\/div><\/div><\/div><\/div><div class=\"wpb_column vc_column_container vc_col-sm-8\"><div class=\"vc_column-inner\"><div class=\"wpb_wrapper\"><div class=\"vc_empty_space\"   style=\"height: 95px\"><span class=\"vc_empty_space_inner\"><\/span><\/div>\r\n\t<div class=\"wpb_text_column wpb_content_element  vc_custom_1554793938037\" >\r\n\t\t<div class=\"wpb_wrapper\">\r\n\t\t\t<h2 style=\"text-align: left;\"><span style=\"color: #ffffff;\">More than a Company, a career opportunity<\/span><\/h2>\n<p><span style=\"color: #ffffff;\">CIEPTAL Team<\/span><\/p>\n\r\n\t\t<\/div>\r\n\t<\/div>\r\n<\/div><\/div><\/div><\/div><div class=\"vc_row-full-width vc_clearfix\"><\/div><div class=\"vc_row wpb_row vc_row-fluid\"><div class=\"wpb_column vc_column_container vc_col-sm-12\"><div class=\"vc_column-inner\"><div class=\"wpb_wrapper\">\r\n\t<div class=\"wpb_text_column wpb_content_element  vc_custom_1560936267912\" >\r\n\t\t<div class=\"wpb_wrapper\">\r\n\t\t\t<h2 style=\"text-align: center;\"><strong>Learn more<\/strong><\/h2>\n\r\n\t\t<\/div>\r\n\t<\/div>\r\n<\/div><\/div><\/div><\/div><div class=\"vc_row wpb_row vc_row-fluid vc_custom_1558540778549 vc_column-gap-30\"><div class=\"wpb_column vc_column_container vc_col-sm-4 vc_col-has-fill\"><div class=\"vc_column-inner vc_custom_1559032183544\"><div class=\"wpb_wrapper\">\r\n\t<div class=\"wpb_text_column wpb_content_element\" >\r\n\t\t<div class=\"wpb_wrapper\">\r\n\t\t\t<div class=\"eds-animate\" data-eds-entry-animation=\"zoomIn\" data-eds-entry-delay=\"0\" data-eds-entry-duration=\"1\" data-eds-entry-timing=\"linear\" data-eds-exit-animation=\"\" data-eds-exit-delay=\"\" data-eds-exit-duration=\"\" data-eds-exit-timing=\"\" data-eds-repeat-count=\"1\" data-eds-keep=\"yes\" data-eds-animate-on=\"hover\" data-eds-scroll-offset=\"\">\n<h2 style=\"text-align: center;\"><a href=\"https:\/\/cieptal.com\/en\/notre-expertise\/\"><span style=\"color: #ffffff;\"><strong>Our Expertise<\/strong><\/span><\/a><\/h2>\n<\/div>\n\r\n\t\t<\/div>\r\n\t<\/div>\r\n<\/div><\/div><\/div><div class=\"wpb_column vc_column_container vc_col-sm-4 vc_col-has-fill\"><div class=\"vc_column-inner vc_custom_1559032081526\"><div class=\"wpb_wrapper\">\r\n\t<div class=\"wpb_text_column wpb_content_element\" >\r\n\t\t<div class=\"wpb_wrapper\">\r\n\t\t\t<div class=\"eds-animate\" data-eds-entry-animation=\"zoomIn\" data-eds-entry-delay=\"0\" data-eds-entry-duration=\"1\" data-eds-entry-timing=\"linear\" data-eds-exit-animation=\"\" data-eds-exit-delay=\"\" data-eds-exit-duration=\"\" data-eds-exit-timing=\"\" data-eds-repeat-count=\"1\" data-eds-keep=\"yes\" data-eds-animate-on=\"hover\" data-eds-scroll-offset=\"\">\n<h2 style=\"text-align: center;\" class=\"translation-block\"><a href=\"https:\/\/cieptal.com\/en\/engagement-qhse\/\" target=\"_self\"><strong><span style=\"color: #ffffff\">Our QHSE<br>\nCommitments<\/span><\/strong><\/a><\/h2>\n<\/div>\n\r\n\t\t<\/div>\r\n\t<\/div>\r\n<\/div><\/div><\/div><div class=\"wpb_column vc_column_container vc_col-sm-4 vc_col-has-fill\"><div class=\"vc_column-inner vc_custom_1559032189373\"><div class=\"wpb_wrapper\">\r\n\t<div class=\"wpb_text_column wpb_content_element\" >\r\n\t\t<div class=\"wpb_wrapper\">\r\n\t\t\t<div class=\"eds-animate\" data-eds-entry-animation=\"zoomIn\" data-eds-entry-delay=\"0\" data-eds-entry-duration=\"1\" data-eds-entry-timing=\"linear\" data-eds-exit-animation=\"\" data-eds-exit-delay=\"\" data-eds-exit-duration=\"\" data-eds-exit-timing=\"\" data-eds-repeat-count=\"1\" data-eds-keep=\"yes\" data-eds-animate-on=\"hover\" data-eds-scroll-offset=\"\">\n<h2 style=\"text-align: center;\"><a href=\"https:\/\/cieptal.com\/en\/chiffres-cles\/\"><span style=\"color: #ffffff;\"><strong>Key Figures<\/strong><\/span><\/a><\/h2>\n<\/div>\n\r\n\t\t<\/div>\r\n\t<\/div>\r\n<\/div><\/div><\/div><\/div>\n<\/section>","protected":false},"excerpt":{"rendered":"Rejoignez les +4640 collaborateurs de CIEPTAL, parmi les premiers employeurs alg\u00e9rien du secteur restauration et h\u00f4tellerie \u00abDes valeurs communes et des \u00e9quipes motiv\u00e9es, CIEPTAL est r\u00e9actif aux enjeux de demain\u00bb Arezki MAZRI, Directeur G\u00e9n\u00e9ral La Politique Ressources Humaines de Cieptal s\u2019appuie sur des valeurs f\u00e9d\u00e9ratrices fortes, qui lui conf\u00e8rent une dimension humaine. Chez CIEPTAL, l\u2019esprit [...]","protected":false},"author":2,"featured_media":0,"parent":0,"menu_order":0,"comment_status":"closed","ping_status":"closed","template":"","meta":{"footnotes":""},"class_list":["post-3862","page","type-page","status-publish","hentry"],"yoast_head":"<!-- This site is optimized with the Yoast SEO plugin v27.3 - https:\/\/yoast.com\/product\/yoast-seo-wordpress\/ -->\n<title>Politique de Ressources Humaines - CIEPTAL<\/title>\n<meta name=\"robots\" content=\"index, follow, max-snippet:-1, max-image-preview:large, max-video-preview:-1\" \/>\n<link rel=\"canonical\" href=\"https:\/\/cieptal.com\/en\/politique-de-ressources-humaines\/\" \/>\n<meta property=\"og:locale\" content=\"en_GB\" \/>\n<meta property=\"og:type\" content=\"article\" \/>\n<meta property=\"og:title\" content=\"Politique de Ressources Humaines - CIEPTAL\" \/>\n<meta property=\"og:url\" content=\"https:\/\/cieptal.com\/en\/politique-de-ressources-humaines\/\" \/>\n<meta property=\"og:site_name\" content=\"CIEPTAL\" \/>\n<meta property=\"article:modified_time\" content=\"2021-12-07T14:41:39+00:00\" \/>\n<meta name=\"twitter:card\" content=\"summary_large_image\" \/>\n<meta name=\"twitter:label1\" content=\"Estimated reading time\" \/>\n\t<meta name=\"twitter:data1\" content=\"2 minutes\" \/>\n<script type=\"application\/ld+json\" class=\"yoast-schema-graph\">{\"@context\":\"https:\\\/\\\/schema.org\",\"@graph\":[{\"@type\":\"WebPage\",\"@id\":\"https:\\\/\\\/cieptal.com\\\/politique-de-ressources-humaines\\\/\",\"url\":\"https:\\\/\\\/cieptal.com\\\/politique-de-ressources-humaines\\\/\",\"name\":\"Politique de Ressources Humaines - CIEPTAL\",\"isPartOf\":{\"@id\":\"https:\\\/\\\/cieptal.com\\\/#website\"},\"datePublished\":\"2019-04-08T15:43:07+00:00\",\"dateModified\":\"2021-12-07T14:41:39+00:00\",\"breadcrumb\":{\"@id\":\"https:\\\/\\\/cieptal.com\\\/politique-de-ressources-humaines\\\/#breadcrumb\"},\"inLanguage\":\"en-GB\",\"potentialAction\":[{\"@type\":\"ReadAction\",\"target\":[\"https:\\\/\\\/cieptal.com\\\/politique-de-ressources-humaines\\\/\"]}]},{\"@type\":\"BreadcrumbList\",\"@id\":\"https:\\\/\\\/cieptal.com\\\/politique-de-ressources-humaines\\\/#breadcrumb\",\"itemListElement\":[{\"@type\":\"ListItem\",\"position\":1,\"name\":\"Accueil\",\"item\":\"https:\\\/\\\/cieptal.com\\\/\"},{\"@type\":\"ListItem\",\"position\":2,\"name\":\"Politique de Ressources Humaines\"}]},{\"@type\":\"WebSite\",\"@id\":\"https:\\\/\\\/cieptal.com\\\/#website\",\"url\":\"https:\\\/\\\/cieptal.com\\\/\",\"name\":\"CIEPTAL\",\"description\":\"Integrated Life Support Services\",\"potentialAction\":[{\"@type\":\"SearchAction\",\"target\":{\"@type\":\"EntryPoint\",\"urlTemplate\":\"https:\\\/\\\/cieptal.com\\\/?s={search_term_string}\"},\"query-input\":{\"@type\":\"PropertyValueSpecification\",\"valueRequired\":true,\"valueName\":\"search_term_string\"}}],\"inLanguage\":\"en-GB\"}]}<\/script>\n<!-- \/ Yoast SEO plugin. -->","yoast_head_json":{"title":"Politique de Ressources Humaines - CIEPTAL","robots":{"index":"index","follow":"follow","max-snippet":"max-snippet:-1","max-image-preview":"max-image-preview:large","max-video-preview":"max-video-preview:-1"},"canonical":"https:\/\/cieptal.com\/en\/politique-de-ressources-humaines\/","og_locale":"en_GB","og_type":"article","og_title":"Politique de Ressources Humaines - CIEPTAL","og_url":"https:\/\/cieptal.com\/en\/politique-de-ressources-humaines\/","og_site_name":"CIEPTAL","article_modified_time":"2021-12-07T14:41:39+00:00","twitter_card":"summary_large_image","twitter_misc":{"Estimated reading time":"2 minutes"},"schema":{"@context":"https:\/\/schema.org","@graph":[{"@type":"WebPage","@id":"https:\/\/cieptal.com\/politique-de-ressources-humaines\/","url":"https:\/\/cieptal.com\/politique-de-ressources-humaines\/","name":"Politique de Ressources Humaines - CIEPTAL","isPartOf":{"@id":"https:\/\/cieptal.com\/#website"},"datePublished":"2019-04-08T15:43:07+00:00","dateModified":"2021-12-07T14:41:39+00:00","breadcrumb":{"@id":"https:\/\/cieptal.com\/politique-de-ressources-humaines\/#breadcrumb"},"inLanguage":"en-GB","potentialAction":[{"@type":"ReadAction","target":["https:\/\/cieptal.com\/politique-de-ressources-humaines\/"]}]},{"@type":"BreadcrumbList","@id":"https:\/\/cieptal.com\/politique-de-ressources-humaines\/#breadcrumb","itemListElement":[{"@type":"ListItem","position":1,"name":"Accueil","item":"https:\/\/cieptal.com\/"},{"@type":"ListItem","position":2,"name":"Politique de Ressources Humaines"}]},{"@type":"WebSite","@id":"https:\/\/cieptal.com\/#website","url":"https:\/\/cieptal.com\/","name":"CIEPTAL","description":"Integrated Life Support Services","potentialAction":[{"@type":"SearchAction","target":{"@type":"EntryPoint","urlTemplate":"https:\/\/cieptal.com\/?s={search_term_string}"},"query-input":{"@type":"PropertyValueSpecification","valueRequired":true,"valueName":"search_term_string"}}],"inLanguage":"en-GB"}]}},"_links":{"self":[{"href":"https:\/\/cieptal.com\/en\/wp-json\/wp\/v2\/pages\/3862","targetHints":{"allow":["GET"]}}],"collection":[{"href":"https:\/\/cieptal.com\/en\/wp-json\/wp\/v2\/pages"}],"about":[{"href":"https:\/\/cieptal.com\/en\/wp-json\/wp\/v2\/types\/page"}],"author":[{"embeddable":true,"href":"https:\/\/cieptal.com\/en\/wp-json\/wp\/v2\/users\/2"}],"replies":[{"embeddable":true,"href":"https:\/\/cieptal.com\/en\/wp-json\/wp\/v2\/comments?post=3862"}],"version-history":[{"count":58,"href":"https:\/\/cieptal.com\/en\/wp-json\/wp\/v2\/pages\/3862\/revisions"}],"predecessor-version":[{"id":5741,"href":"https:\/\/cieptal.com\/en\/wp-json\/wp\/v2\/pages\/3862\/revisions\/5741"}],"wp:attachment":[{"href":"https:\/\/cieptal.com\/en\/wp-json\/wp\/v2\/media?parent=3862"}],"curies":[{"name":"wp","href":"https:\/\/api.w.org\/{rel}","templated":true}]}}