{"id":3771,"date":"2019-04-03T15:40:49","date_gmt":"2019-04-03T15:40:49","guid":{"rendered":"https:\/\/cieptal.com\/?page_id=3771"},"modified":"2019-08-29T10:10:44","modified_gmt":"2019-08-29T10:10:44","slug":"mot-du-directeur-general","status":"publish","type":"page","link":"https:\/\/cieptal.com\/en\/mot-du-directeur-general\/","title":{"rendered":"From the Director General"},"content":{"rendered":"<section class=\"wpb-content-wrapper\"><div data-vc-full-width=\"true\" data-vc-full-width-init=\"false\" class=\"vc_row wpb_row vc_row-fluid vc_custom_1567073476678 vc_row-has-fill vc_row-o-content-middle vc_row-flex\"><div class=\"wpb_column vc_column_container vc_col-sm-4\"><div class=\"vc_column-inner\"><div class=\"wpb_wrapper\"><\/div><\/div><\/div><div class=\"wpb_column vc_column_container vc_col-sm-8\"><div class=\"vc_column-inner\"><div class=\"wpb_wrapper\">\r\n\t<div class=\"wpb_text_column wpb_content_element  vc_custom_1556026907079\" >\r\n\t\t<div class=\"wpb_wrapper\">\r\n\t\t\t<h2><strong><span style=\"color: #ffffff;\">Our Vision,\u00a0<\/span><\/strong><\/h2>\n<h2 style=\"text-align: justify;\"><span style=\"color: #ffffff;\">Become the reference operator of catering and integrated services in Algeria, on the oil, gas and infrastructure markets.<\/span><\/h2>\n\r\n\t\t<\/div>\r\n\t<\/div>\r\n<\/div><\/div><\/div><div class=\"wpb_column vc_column_container vc_col-sm-12\"><div class=\"vc_column-inner\"><div class=\"wpb_wrapper\">\r\n\t<div class=\"wpb_text_column wpb_content_element\" >\r\n\t\t<div class=\"wpb_wrapper\">\r\n\t\t\t<h2 style=\"text-align: center;\" class=\"translation-block\"><span style=\"color: #ffffff\"><strong>I<\/strong>ntegrity\u00a0 <strong>R<\/strong>esponsability\u00a0 <strong>R<\/strong>espect\u00a0 <strong>E<\/strong>xcellence\u00a0 <strong>T<\/strong>eam spirit<\/span><\/h2>\n\r\n\t\t<\/div>\r\n\t<\/div>\r\n<div class=\"vc_empty_space\"   style=\"height: 15px\"><span class=\"vc_empty_space_inner\"><\/span><\/div><\/div><\/div><\/div><div class=\"wpb_column vc_column_container vc_col-sm-12\"><div class=\"vc_column-inner\"><div class=\"wpb_wrapper\"><\/div><\/div><\/div><\/div><div class=\"vc_row-full-width vc_clearfix\"><\/div><div class=\"vc_row wpb_row vc_row-fluid\"><div class=\"wpb_column vc_column_container vc_col-sm-4\"><div class=\"vc_column-inner\"><div class=\"wpb_wrapper\">\r\n\t<div  class=\"wpb_single_image wpb_content_element vc_align_left\">\r\n\t\t\r\n\t\t<figure class=\"wpb_wrapper vc_figure\">\r\n\t\t\t<div class=\"vc_single_image-wrapper   vc_box_border_grey\"><img loading=\"lazy\" decoding=\"async\" width=\"360\" height=\"478\" src=\"https:\/\/cieptal.com\/wp-content\/uploads\/2019\/06\/CIEPTAL-mot-du-directeur-g\u00e9n\u00e9ral-Arezki-MAZRI.jpg\" class=\"vc_single_image-img attachment-large\" alt=\"\" title=\"CIEPTAL-mot-du-directeur-g\u00e9n\u00e9ral-Arezki-MAZRI\" srcset=\"https:\/\/cieptal.com\/wp-content\/uploads\/2019\/06\/CIEPTAL-mot-du-directeur-g\u00e9n\u00e9ral-Arezki-MAZRI.jpg 360w, https:\/\/cieptal.com\/wp-content\/uploads\/2019\/06\/CIEPTAL-mot-du-directeur-g\u00e9n\u00e9ral-Arezki-MAZRI-226x300.jpg 226w\" sizes=\"auto, (max-width: 360px) 100vw, 360px\" \/><\/div>\r\n\t\t<\/figure>\r\n\t<\/div>\r\n<\/div><\/div><\/div><div class=\"wpb_column vc_column_container vc_col-sm-8\"><div class=\"vc_column-inner\"><div class=\"wpb_wrapper\">\r\n\t<div class=\"wpb_text_column wpb_content_element\" >\r\n\t\t<div class=\"wpb_wrapper\">\r\n\t\t\t<h2>CIEPTAL, leader of catering in Algeria<\/h2>\n<p style=\"text-align: justify;\"><em>Through our 23 years of experience, CIEPTAL deploys daily its professionalism in terms of \" <strong><a href=\"https:\/\/cieptal.com\/en\/notre-expertise\/\"><span style=\"text-decoration: underline;\">full catering<\/span><\/a> <\/strong>\" to satisfy all stakeholders (customers, suppliers, staff, public authorities, local residents and shareholders ...).<\/em><\/p>\n<p style=\"text-align: justify;\" class=\"translation-block\"><em>In recent years, the Algerian <a href=\"https:\/\/cieptal.com\/en\/restauration-2\/\" target=\"_self\"><strong><span style=\"text-decoration: underline\">catering<\/span><\/strong><\/a> market has undergone a very important development. Understanding our customers' expectations and meeting them is our daily challenge. <\/em><\/p>\n<p style=\"text-align: justify;\"><em><a href=\"https:\/\/cieptal.com\/en\/equipes\/\"><span style=\"text-decoration: underline;\"><strong>CIEPTAL teams<\/strong><\/span><\/a>, both at headquarters and in the field, are motivated and determined to succeed in the many challenges ahead.<\/em><\/p>\n<p style=\"text-align: justify;\" class=\"translation-block\"><em>In addition to strengthening our positions in the areas where we operate, CIEPTAL's ambition is to set up in new geographical areas in Algeria. As a<strong><a href=\"https:\/\/cieptal.com\/en\/notre-expertise\/\" target=\"_self\"><span style=\"text-decoration: underline\">service integrator<\/span><\/a><\/strong>, CIEPTAL has developed its offer in <strong><a href=\"https:\/\/cieptal.com\/en\/facility-management\/\" target=\"_self\"><span style=\"text-decoration: underline\">Facility Management<\/span><\/a><\/strong> and <strong><a href=\"https:\/\/cieptal.com\/en\/supply-chain-solutions-dingenierie\/\" target=\"_self\"><span style=\"text-decoration: underline\">support services <\/span><\/a><\/strong>.<\/em><\/p>\n<p style=\"text-align: justify;\"><em>CIEPTAL is committed to the continuous improvement of its integrated management system and compliance with the new Algerian regulations related to its activities.<\/em><\/p>\n<p style=\"text-align: justify;\"><em>Protecting people, ensuring business continuity, reducing costs to gain competitiveness, and privileging the single point of contact for turnkey solutions are our commitments to our customers.<\/em><\/p>\n<p><span style=\"color: #000000;\"><b>Arezki <\/b><b>Mazri<\/b><b><br \/>\n<\/b><\/span><b>Director General CIEPTAL<\/b><\/p>\n\r\n\t\t<\/div>\r\n\t<\/div>\r\n<\/div><\/div><\/div><\/div><div class=\"vc_row wpb_row vc_row-fluid\"><div class=\"wpb_column vc_column_container vc_col-sm-12\"><div class=\"vc_column-inner\"><div class=\"wpb_wrapper\"><div class=\"vc_empty_space\"   style=\"height: 15px\"><span class=\"vc_empty_space_inner\"><\/span><\/div>\r\n\t<div class=\"wpb_text_column wpb_content_element\" >\r\n\t\t<div class=\"wpb_wrapper\">\r\n\t\t\t<h2 style=\"text-align: center;\"><strong><em><img loading=\"lazy\" decoding=\"async\" class=\"alignnone wp-image-3782\" src=\"https:\/\/cieptal.com\/wp-content\/uploads\/2019\/04\/Guillements-bleu-gauche-v.png\" alt=\"\" width=\"100\" height=\"203\" \/><span style=\"color: #000000;\">What unites men is the love of the job<\/span><\/em><\/strong><strong><em> <img loading=\"lazy\" decoding=\"async\" class=\"alignnone wp-image-3784\" src=\"https:\/\/cieptal.com\/wp-content\/uploads\/2019\/04\/Guillements-bleu-droit-v.png\" alt=\"\" width=\"90\" height=\"174\" \/><\/em><\/strong><\/h2>\n\r\n\t\t<\/div>\r\n\t<\/div>\r\n<\/div><\/div><\/div><\/div><div class=\"vc_row wpb_row vc_row-fluid\"><div class=\"wpb_column vc_column_container vc_col-sm-12\"><div class=\"vc_column-inner\"><div class=\"wpb_wrapper\">\r\n\t<div class=\"wpb_text_column wpb_content_element  vc_custom_1559830697269\" >\r\n\t\t<div class=\"wpb_wrapper\">\r\n\t\t\t<h2 style=\"text-align: center;\"><strong>Learn more<\/strong><\/h2>\n\r\n\t\t<\/div>\r\n\t<\/div>\r\n<\/div><\/div><\/div><\/div><div class=\"vc_row wpb_row vc_row-fluid vc_custom_1558541026677 vc_column-gap-30\"><div class=\"wpb_column vc_column_container vc_col-sm-4 vc_col-has-fill\"><div class=\"vc_column-inner vc_custom_1558363424458\"><div class=\"wpb_wrapper\">\r\n\t<div class=\"wpb_text_column wpb_content_element\" >\r\n\t\t<div class=\"wpb_wrapper\">\r\n\t\t\t<div class=\"eds-animate\" data-eds-entry-animation=\"zoomIn\" data-eds-entry-delay=\"0\" data-eds-entry-duration=\"1\" data-eds-entry-timing=\"linear\" data-eds-exit-animation=\"\" data-eds-exit-delay=\"\" data-eds-exit-duration=\"\" data-eds-exit-timing=\"\" data-eds-repeat-count=\"1\" data-eds-keep=\"yes\" data-eds-animate-on=\"hover\" data-eds-scroll-offset=\"\">\n<h2 style=\"text-align: center;\"><a href=\"https:\/\/cieptal.com\/en\/presentation\/\"><span style=\"color: #ffffff;\"><strong>Presentation<\/strong><\/span><\/a><\/h2>\n<\/div>\n\r\n\t\t<\/div>\r\n\t<\/div>\r\n<\/div><\/div><\/div><div class=\"wpb_column vc_column_container vc_col-sm-4 vc_col-has-fill\"><div class=\"vc_column-inner vc_custom_1558363434037\"><div class=\"wpb_wrapper\">\r\n\t<div class=\"wpb_text_column wpb_content_element\" >\r\n\t\t<div class=\"wpb_wrapper\">\r\n\t\t\t<div class=\"eds-animate\" data-eds-entry-animation=\"zoomIn\" data-eds-entry-delay=\"0\" data-eds-entry-duration=\"1\" data-eds-entry-timing=\"linear\" data-eds-exit-animation=\"\" data-eds-exit-delay=\"\" data-eds-exit-duration=\"\" data-eds-exit-timing=\"\" data-eds-repeat-count=\"1\" data-eds-keep=\"yes\" data-eds-animate-on=\"hover\" data-eds-scroll-offset=\"\">\n<h2 style=\"text-align: center;\"><a href=\"https:\/\/cieptal.com\/en\/chiffres-cles\/\"><span style=\"color: #ffffff;\"><strong>Key Figures<\/strong><\/span><\/a><\/h2>\n<\/div>\n\r\n\t\t<\/div>\r\n\t<\/div>\r\n<\/div><\/div><\/div><div class=\"wpb_column vc_column_container vc_col-sm-4 vc_col-has-fill\"><div class=\"vc_column-inner vc_custom_1558363442264\"><div class=\"wpb_wrapper\">\r\n\t<div class=\"wpb_text_column wpb_content_element\" >\r\n\t\t<div class=\"wpb_wrapper\">\r\n\t\t\t<div class=\"eds-animate\" data-eds-entry-animation=\"zoomIn\" data-eds-entry-delay=\"0\" data-eds-entry-duration=\"1\" data-eds-entry-timing=\"linear\" data-eds-exit-animation=\"\" data-eds-exit-delay=\"\" data-eds-exit-duration=\"\" data-eds-exit-timing=\"\" data-eds-repeat-count=\"1\" data-eds-keep=\"yes\" data-eds-animate-on=\"hover\" data-eds-scroll-offset=\"\">\n<h2 style=\"text-align: center;\"><a href=\"https:\/\/cieptal.com\/en\/equipes\/\"><span style=\"color: #ffffff;\"><strong>Our Team<\/strong><\/span><\/a><\/h2>\n<\/div>\n\r\n\t\t<\/div>\r\n\t<\/div>\r\n<\/div><\/div><\/div><\/div>\n<\/section>","protected":false},"excerpt":{"rendered":"Notre Vision,\u00a0 Devenir l\u2019op\u00e9rateur de r\u00e9f\u00e9rence de la restauration et des services int\u00e9gr\u00e9s en Alg\u00e9rie, sur les march\u00e9s p\u00e9troliers, gaziers et des infrastructures. Int\u00e9grit\u00e9\u00a0 Responsabilit\u00e9\u00a0 Respect\u00a0 Excellence\u00a0 Esprit d\u2019\u00e9quipe CIEPTAL, leader du catering en Alg\u00e9rie Forts de nos 23 ann\u00e9es d\u2019exp\u00e9rience, CIEPTAL d\u00e9ploie quotidiennement son professionnalisme en mati\u00e8re de prestation \u00ab full catering \u00bb afin [...]","protected":false},"author":2,"featured_media":0,"parent":0,"menu_order":0,"comment_status":"closed","ping_status":"closed","template":"","meta":{"footnotes":""},"class_list":["post-3771","page","type-page","status-publish","hentry"],"yoast_head":"<!-- This site is optimized with the Yoast SEO plugin v27.3 - https:\/\/yoast.com\/product\/yoast-seo-wordpress\/ -->\n<title>Mot du Directeur G\u00e9n\u00e9ral - CIEPTAL<\/title>\n<meta name=\"robots\" content=\"index, follow, max-snippet:-1, max-image-preview:large, max-video-preview:-1\" \/>\n<link rel=\"canonical\" href=\"https:\/\/cieptal.com\/en\/mot-du-directeur-general\/\" \/>\n<meta property=\"og:locale\" content=\"en_GB\" \/>\n<meta property=\"og:type\" content=\"article\" \/>\n<meta property=\"og:title\" content=\"Mot du Directeur G\u00e9n\u00e9ral - CIEPTAL\" \/>\n<meta property=\"og:url\" content=\"https:\/\/cieptal.com\/en\/mot-du-directeur-general\/\" \/>\n<meta property=\"og:site_name\" content=\"CIEPTAL\" \/>\n<meta property=\"article:modified_time\" content=\"2019-08-29T10:10:44+00:00\" \/>\n<meta property=\"og:image\" content=\"https:\/\/cieptal.com\/wp-content\/uploads\/2019\/04\/Guillements-bleu-gauche-v.png\" \/>\n<meta name=\"twitter:card\" content=\"summary_large_image\" \/>\n<meta name=\"twitter:label1\" content=\"Estimated reading time\" \/>\n\t<meta name=\"twitter:data1\" content=\"3 minutes\" \/>\n<script type=\"application\/ld+json\" class=\"yoast-schema-graph\">{\"@context\":\"https:\\\/\\\/schema.org\",\"@graph\":[{\"@type\":\"WebPage\",\"@id\":\"https:\\\/\\\/cieptal.com\\\/mot-du-directeur-general\\\/\",\"url\":\"https:\\\/\\\/cieptal.com\\\/mot-du-directeur-general\\\/\",\"name\":\"Mot du Directeur G\u00e9n\u00e9ral - CIEPTAL\",\"isPartOf\":{\"@id\":\"https:\\\/\\\/cieptal.com\\\/#website\"},\"primaryImageOfPage\":{\"@id\":\"https:\\\/\\\/cieptal.com\\\/mot-du-directeur-general\\\/#primaryimage\"},\"image\":{\"@id\":\"https:\\\/\\\/cieptal.com\\\/mot-du-directeur-general\\\/#primaryimage\"},\"thumbnailUrl\":\"https:\\\/\\\/cieptal.com\\\/wp-content\\\/uploads\\\/2019\\\/04\\\/Guillements-bleu-gauche-v.png\",\"datePublished\":\"2019-04-03T15:40:49+00:00\",\"dateModified\":\"2019-08-29T10:10:44+00:00\",\"breadcrumb\":{\"@id\":\"https:\\\/\\\/cieptal.com\\\/mot-du-directeur-general\\\/#breadcrumb\"},\"inLanguage\":\"en-GB\",\"potentialAction\":[{\"@type\":\"ReadAction\",\"target\":[\"https:\\\/\\\/cieptal.com\\\/mot-du-directeur-general\\\/\"]}]},{\"@type\":\"ImageObject\",\"inLanguage\":\"en-GB\",\"@id\":\"https:\\\/\\\/cieptal.com\\\/mot-du-directeur-general\\\/#primaryimage\",\"url\":\"https:\\\/\\\/cieptal.com\\\/wp-content\\\/uploads\\\/2019\\\/04\\\/Guillements-bleu-gauche-v.png\",\"contentUrl\":\"https:\\\/\\\/cieptal.com\\\/wp-content\\\/uploads\\\/2019\\\/04\\\/Guillements-bleu-gauche-v.png\"},{\"@type\":\"BreadcrumbList\",\"@id\":\"https:\\\/\\\/cieptal.com\\\/mot-du-directeur-general\\\/#breadcrumb\",\"itemListElement\":[{\"@type\":\"ListItem\",\"position\":1,\"name\":\"Accueil\",\"item\":\"https:\\\/\\\/cieptal.com\\\/\"},{\"@type\":\"ListItem\",\"position\":2,\"name\":\"Mot du Directeur G\u00e9n\u00e9ral\"}]},{\"@type\":\"WebSite\",\"@id\":\"https:\\\/\\\/cieptal.com\\\/#website\",\"url\":\"https:\\\/\\\/cieptal.com\\\/\",\"name\":\"CIEPTAL\",\"description\":\"Integrated Life Support Services\",\"potentialAction\":[{\"@type\":\"SearchAction\",\"target\":{\"@type\":\"EntryPoint\",\"urlTemplate\":\"https:\\\/\\\/cieptal.com\\\/?s={search_term_string}\"},\"query-input\":{\"@type\":\"PropertyValueSpecification\",\"valueRequired\":true,\"valueName\":\"search_term_string\"}}],\"inLanguage\":\"en-GB\"}]}<\/script>\n<!-- \/ Yoast SEO plugin. -->","yoast_head_json":{"title":"Mot du Directeur G\u00e9n\u00e9ral - CIEPTAL","robots":{"index":"index","follow":"follow","max-snippet":"max-snippet:-1","max-image-preview":"max-image-preview:large","max-video-preview":"max-video-preview:-1"},"canonical":"https:\/\/cieptal.com\/en\/mot-du-directeur-general\/","og_locale":"en_GB","og_type":"article","og_title":"Mot du Directeur G\u00e9n\u00e9ral - CIEPTAL","og_url":"https:\/\/cieptal.com\/en\/mot-du-directeur-general\/","og_site_name":"CIEPTAL","article_modified_time":"2019-08-29T10:10:44+00:00","og_image":[{"url":"https:\/\/cieptal.com\/wp-content\/uploads\/2019\/04\/Guillements-bleu-gauche-v.png","type":"","width":"","height":""}],"twitter_card":"summary_large_image","twitter_misc":{"Estimated reading time":"3 minutes"},"schema":{"@context":"https:\/\/schema.org","@graph":[{"@type":"WebPage","@id":"https:\/\/cieptal.com\/mot-du-directeur-general\/","url":"https:\/\/cieptal.com\/mot-du-directeur-general\/","name":"Mot du Directeur G\u00e9n\u00e9ral - CIEPTAL","isPartOf":{"@id":"https:\/\/cieptal.com\/#website"},"primaryImageOfPage":{"@id":"https:\/\/cieptal.com\/mot-du-directeur-general\/#primaryimage"},"image":{"@id":"https:\/\/cieptal.com\/mot-du-directeur-general\/#primaryimage"},"thumbnailUrl":"https:\/\/cieptal.com\/wp-content\/uploads\/2019\/04\/Guillements-bleu-gauche-v.png","datePublished":"2019-04-03T15:40:49+00:00","dateModified":"2019-08-29T10:10:44+00:00","breadcrumb":{"@id":"https:\/\/cieptal.com\/mot-du-directeur-general\/#breadcrumb"},"inLanguage":"en-GB","potentialAction":[{"@type":"ReadAction","target":["https:\/\/cieptal.com\/mot-du-directeur-general\/"]}]},{"@type":"ImageObject","inLanguage":"en-GB","@id":"https:\/\/cieptal.com\/mot-du-directeur-general\/#primaryimage","url":"https:\/\/cieptal.com\/wp-content\/uploads\/2019\/04\/Guillements-bleu-gauche-v.png","contentUrl":"https:\/\/cieptal.com\/wp-content\/uploads\/2019\/04\/Guillements-bleu-gauche-v.png"},{"@type":"BreadcrumbList","@id":"https:\/\/cieptal.com\/mot-du-directeur-general\/#breadcrumb","itemListElement":[{"@type":"ListItem","position":1,"name":"Accueil","item":"https:\/\/cieptal.com\/"},{"@type":"ListItem","position":2,"name":"Mot du Directeur G\u00e9n\u00e9ral"}]},{"@type":"WebSite","@id":"https:\/\/cieptal.com\/#website","url":"https:\/\/cieptal.com\/","name":"CIEPTAL","description":"Integrated Life Support Services","potentialAction":[{"@type":"SearchAction","target":{"@type":"EntryPoint","urlTemplate":"https:\/\/cieptal.com\/?s={search_term_string}"},"query-input":{"@type":"PropertyValueSpecification","valueRequired":true,"valueName":"search_term_string"}}],"inLanguage":"en-GB"}]}},"_links":{"self":[{"href":"https:\/\/cieptal.com\/en\/wp-json\/wp\/v2\/pages\/3771","targetHints":{"allow":["GET"]}}],"collection":[{"href":"https:\/\/cieptal.com\/en\/wp-json\/wp\/v2\/pages"}],"about":[{"href":"https:\/\/cieptal.com\/en\/wp-json\/wp\/v2\/types\/page"}],"author":[{"embeddable":true,"href":"https:\/\/cieptal.com\/en\/wp-json\/wp\/v2\/users\/2"}],"replies":[{"embeddable":true,"href":"https:\/\/cieptal.com\/en\/wp-json\/wp\/v2\/comments?post=3771"}],"version-history":[{"count":93,"href":"https:\/\/cieptal.com\/en\/wp-json\/wp\/v2\/pages\/3771\/revisions"}],"predecessor-version":[{"id":5302,"href":"https:\/\/cieptal.com\/en\/wp-json\/wp\/v2\/pages\/3771\/revisions\/5302"}],"wp:attachment":[{"href":"https:\/\/cieptal.com\/en\/wp-json\/wp\/v2\/media?parent=3771"}],"curies":[{"name":"wp","href":"https:\/\/api.w.org\/{rel}","templated":true}]}}