{"id":3712,"date":"2019-04-02T15:53:03","date_gmt":"2019-04-02T15:53:03","guid":{"rendered":"https:\/\/cieptal.com\/?page_id=3712"},"modified":"2019-04-24T14:21:59","modified_gmt":"2019-04-24T14:21:59","slug":"business-industrie","status":"publish","type":"page","link":"https:\/\/cieptal.com\/en\/business-industrie\/","title":{"rendered":"Business &#038; Industrie"},"content":{"rendered":"<section class=\"wpb-content-wrapper\"><div class=\"vc_row wpb_row vc_row-fluid\"><div class=\"wpb_column vc_column_container vc_col-sm-12\"><div class=\"vc_column-inner\"><div class=\"wpb_wrapper\"><div class=\"vc_empty_space\"   style=\"height: 90px\"><span class=\"vc_empty_space_inner\"><\/span><\/div>\r\n\t<div class=\"wpb_text_column wpb_content_element\" >\r\n\t\t<div class=\"wpb_wrapper\">\r\n\t\t\t<h2 style=\"text-align: center;\">Cieptal, int\u00e9grateur de services dans les environnements urbains et industriels en Alg\u00e9rie<\/h2>\n\r\n\t\t<\/div>\r\n\t<\/div>\r\n<\/div><\/div><\/div><\/div><div class=\"vc_row wpb_row vc_row-fluid\"><div class=\"wpb_column vc_column_container vc_col-sm-12\"><div class=\"vc_column-inner\"><div class=\"wpb_wrapper\"><div class=\"vc_empty_space\"   style=\"height: 90px\"><span class=\"vc_empty_space_inner\"><\/span><\/div><\/div><\/div><\/div><\/div><div data-vc-full-width=\"true\" data-vc-full-width-init=\"false\" data-vc-parallax=\"5\" data-vc-parallax-image=\"\" class=\"vc_row wpb_row vc_row-fluid vc_row-has-fill vc_general vc_parallax vc_parallax-content-moving\"><div class=\"wpb_column vc_column_container vc_col-sm-12\"><div class=\"vc_column-inner\"><div class=\"wpb_wrapper\"><div class=\"vc_row wpb_row vc_inner vc_row-fluid\"><div class=\"wpb_column vc_column_container vc_col-sm-6\"><div class=\"vc_column-inner\"><div class=\"wpb_wrapper\">\r\n\t<div class=\"wpb_text_column wpb_content_element\" >\r\n\t\t<div class=\"wpb_wrapper\">\r\n\t\t\t<h1 style=\"text-align: center;\"><span style=\"color: #ffffff;\"><strong>150 000 <\/strong>repas servis <\/span><\/h1>\n<h2 style=\"text-align: center;\"><span style=\"color: #ffffff;\">pour le secteur du B&amp;I<\/span><\/h2>\n<p>&nbsp;<\/p>\n\r\n\t\t<\/div>\r\n\t<\/div>\r\n<\/div><\/div><\/div><div class=\"wpb_column vc_column_container vc_col-sm-6\"><div class=\"vc_column-inner\"><div class=\"wpb_wrapper\">\r\n\t<div class=\"wpb_text_column wpb_content_element\" >\r\n\t\t<div class=\"wpb_wrapper\">\r\n\t\t\t<h1 style=\"text-align: center;\"><span style=\"color: #ffffff;\"><strong>50 000+<\/strong> Kdzd<\/span><\/h1>\n<h2 style=\"text-align: center;\"><span style=\"color: #ffffff;\">CA annuel en facility Management<\/span><\/h2>\n\r\n\t\t<\/div>\r\n\t<\/div>\r\n<\/div><\/div><\/div><\/div><\/div><\/div><\/div><\/div><div class=\"vc_row-full-width vc_clearfix\"><\/div><div class=\"vc_row wpb_row vc_row-fluid\"><div class=\"wpb_column vc_column_container vc_col-sm-12\"><div class=\"vc_column-inner\"><div class=\"wpb_wrapper\"><div class=\"vc_empty_space\"   style=\"height: 90px\"><span class=\"vc_empty_space_inner\"><\/span><\/div><div class=\"\">\r\n\t<div class=\"rt-text-with-image\">\r\n\t\t<div class=\"row\">\r\n\t\t\t<div class=\"col-lg-6 col-md-6 col-sm-6 col-xs-12\">\r\n\t\t\t\t<div class=\"rtin-text-part\">\r\n\t\t\t\t\t\t\t\t\t\t<h2 style=\"color:#000000\">Int\u00e9grateur de services en milieux urbain et industriel<\/h2>\r\n\t\t\t\t\t\t\t\t\t\t<\/p>\n<p style=\"text-align: justify\">Ancr\u00e9 sur le territoire alg\u00e9rien depuis 1996, Cieptal offre un large scope de services int\u00e9gr\u00e9s en milieux urbain et industriel, autour de son c\u0153ur de m\u00e9tier, la restauration et le facility management.<\/p>\n<p>\t\t\t\t<\/div>\r\n\t\t\t<\/div>\r\n\t\t\t<div class=\"col-lg-6 col-md-6 col-sm-6 col-xs-12\">\r\n\t\t\t\t\t\t\t<\/div>\r\n\t\t<\/div>\r\n\t<\/div>\r\n<\/div><div class=\"vc_empty_space\"   style=\"height: 45px\"><span class=\"vc_empty_space_inner\"><\/span><\/div><\/div><\/div><\/div><\/div><div class=\"vc_row wpb_row vc_row-fluid\"><div class=\"wpb_column vc_column_container vc_col-sm-12\"><div class=\"vc_column-inner\"><div class=\"wpb_wrapper\"><div class=\"\">\r\n\t<div class=\"rt-text-with-image\">\r\n\t\t<div class=\"row\">\r\n\t\t\t<div class=\"col-lg-6 col-md-6 col-sm-6 col-xs-12\">\r\n\t\t\t\t\t\t\t<\/div>\t\t\t\t\t\r\n\t\t\t<div class=\"col-lg-6 col-md-6 col-sm-6 col-xs-12\">\r\n\t\t\t\t<div class=\"rtin-text-part\">\r\n\t\t\t\t\t\t\t\t\t\t<h2 style=\"color:#000000\">Des r\u00e9f\u00e9rences clients internationales<\/h2>\r\n\t\t\t\t\t\t\t\t\t\t<\/p>\n<p style=\"text-align: justify\">Pr\u00e9sent sur toute la bande nord, Cieptal compte, parmi ses clients, Sonatrach et ses filiales, Groupement, Lafarge, GEAT, Alstom, Philippe Morris, SOVAC Production, Halliburton, DALMA, TAYAL ainsi que d\u2019autres institutions de notori\u00e9t\u00e9 publique.<\/p>\n<p>\t\t\t\t<\/div>\r\n\t\t\t<\/div>\r\n\t\t<\/div>\r\n\t<\/div>\r\n<\/div><\/div><\/div><\/div><\/div><div class=\"vc_row wpb_row vc_row-fluid\"><div class=\"wpb_column vc_column_container vc_col-sm-12\"><div class=\"vc_column-inner\"><div class=\"wpb_wrapper\"><div class=\"vc_empty_space\"   style=\"height: 50px\"><span class=\"vc_empty_space_inner\"><\/span><\/div><\/div><\/div><\/div><\/div><div class=\"vc_row wpb_row vc_row-fluid\"><div class=\"wpb_column vc_column_container vc_col-sm-12\"><div class=\"vc_column-inner\"><div class=\"wpb_wrapper\"><style>#rt-container-2045941848 .single-logo h3, #rt-container-2045941848 .single-logo h3 a {}#rt-container-2045941848 .single-logo .logo-description * {}<\/style><div class='rt-container-fluid rt-wpls rt-loading' id='rt-container-2045941848'  data-sc-id='3768' data-desktop-col='4'  data-tab-col='4'  data-mobile-col='4'><div class='rt-row carousel-layout wpls-carousel' data-slick='{                        \"slidesToShow\": 5,                        \"slidesToShowTab\": 4,                        \"slidesToShowMobile\": 4,                        \"slidesToScroll\": 1,                        \"speed\": 3000,                        \"autoplaySpeed\": 3000,                        \"dots\": true,                        \"arrows\": true,                        \"infinite\": true,                        \"lazyLoad\": \"ondemand\",                        \"pauseOnHover\": false,                        \"autoplay\": true,                        \"centerMode\": false,                        \"adaptiveHeight\": false,                        \"rtl\": false                        }' ><div class='rt-col-md-3 rt-col-sm-3 rt-col-xs-3'><div class='single-logo rt-equal-height' data-title='nabors'><div class='single-logo-container'><img loading=\"lazy\" decoding=\"async\" width=\"721\" height=\"137\" src=\"https:\/\/cieptal.com\/wp-content\/uploads\/2025\/09\/nabors.jpg\" class=\"wls-logo\" alt=\"\" title=\"nabors\" \/><\/div><\/div><\/div><div class='rt-col-md-3 rt-col-sm-3 rt-col-xs-3'><div class='single-logo rt-equal-height' data-title='eni'><div class='single-logo-container'><img loading=\"lazy\" decoding=\"async\" width=\"829\" height=\"826\" src=\"https:\/\/cieptal.com\/wp-content\/uploads\/2025\/09\/eni.jpg\" class=\"wls-logo\" alt=\"\" title=\"eni\" \/><\/div><\/div><\/div><div class='rt-col-md-3 rt-col-sm-3 rt-col-xs-3'><div class='single-logo rt-equal-height' data-title='entp'><div class='single-logo-container'><img loading=\"lazy\" decoding=\"async\" width=\"228\" height=\"247\" src=\"https:\/\/cieptal.com\/wp-content\/uploads\/2025\/09\/entp.png\" class=\"wls-logo\" alt=\"\" title=\"entp\" \/><\/div><\/div><\/div><div class='rt-col-md-3 rt-col-sm-3 rt-col-xs-3'><div class='single-logo rt-equal-height' data-title='slb'><div class='single-logo-container'><img loading=\"lazy\" decoding=\"async\" width=\"623\" height=\"439\" src=\"https:\/\/cieptal.com\/wp-content\/uploads\/2025\/09\/SLB.png\" class=\"wls-logo\" alt=\"\" title=\"slb\" \/><\/div><\/div><\/div><div class='rt-col-md-3 rt-col-sm-3 rt-col-xs-3'><div class='single-logo rt-equal-height' data-title='grn'><div class='single-logo-container'><img loading=\"lazy\" decoding=\"async\" width=\"850\" height=\"388\" src=\"https:\/\/cieptal.com\/wp-content\/uploads\/2025\/09\/GRN.png\" class=\"wls-logo\" alt=\"\" title=\"grn\" \/><\/div><\/div><\/div><div class='rt-col-md-3 rt-col-sm-3 rt-col-xs-3'><div class='single-logo rt-equal-height' data-title='equinor'><div class='single-logo-container'><img loading=\"lazy\" decoding=\"async\" width=\"801\" height=\"659\" src=\"https:\/\/cieptal.com\/wp-content\/uploads\/2025\/09\/EQUINOR.png\" class=\"wls-logo\" alt=\"\" title=\"equinor\" \/><\/div><\/div><\/div><div class='rt-col-md-3 rt-col-sm-3 rt-col-xs-3'><div class='single-logo rt-equal-height' data-title='Sonatrach'><div class='single-logo-container'><img loading=\"lazy\" decoding=\"async\" width=\"130\" height=\"130\" src=\"https:\/\/cieptal.com\/wp-content\/uploads\/2019\/04\/logo-Sonatrach.png\" class=\"wls-logo\" alt=\"\" title=\"Sonatrach\" \/><\/div><\/div><\/div><div class='rt-col-md-3 rt-col-sm-3 rt-col-xs-3'><div class='single-logo rt-equal-height' data-title='Alstom'><div class='single-logo-container'><img loading=\"lazy\" decoding=\"async\" width=\"563\" height=\"130\" src=\"https:\/\/cieptal.com\/wp-content\/uploads\/2019\/04\/client-Alstom.png\" class=\"wls-logo\" alt=\"\" title=\"Alstom\" \/><\/div><\/div><\/div><div class='rt-col-md-3 rt-col-sm-3 rt-col-xs-3'><div class='single-logo rt-equal-height' data-title='Tayal'><div class='single-logo-container'><img loading=\"lazy\" decoding=\"async\" width=\"205\" height=\"130\" src=\"https:\/\/cieptal.com\/wp-content\/uploads\/2019\/04\/client-tayal.png\" class=\"wls-logo\" alt=\"\" title=\"Tayal\" \/><\/div><\/div><\/div><div class='rt-col-md-3 rt-col-sm-3 rt-col-xs-3'><div class='single-logo rt-equal-height' data-title='Halliburton'><div class='single-logo-container'><img loading=\"lazy\" decoding=\"async\" width=\"941\" height=\"130\" src=\"https:\/\/cieptal.com\/wp-content\/uploads\/2019\/04\/client-halliburton.png\" class=\"wls-logo\" alt=\"\" title=\"Halliburton\" \/><\/div><\/div><\/div><div class='rt-col-md-3 rt-col-sm-3 rt-col-xs-3'><div class='single-logo rt-equal-height' data-title='GEAT'><div class='single-logo-container'><img loading=\"lazy\" decoding=\"async\" width=\"254\" height=\"130\" src=\"https:\/\/cieptal.com\/wp-content\/uploads\/2019\/04\/client-geat.png\" class=\"wls-logo\" alt=\"\" title=\"GEAT\" \/><\/div><\/div><\/div><div class='rt-col-md-3 rt-col-sm-3 rt-col-xs-3'><div class='single-logo rt-equal-height' data-title='SOVAC'><div class='single-logo-container'><img loading=\"lazy\" decoding=\"async\" width=\"200\" height=\"200\" src=\"https:\/\/cieptal.com\/wp-content\/uploads\/2019\/04\/logo-sovac.png\" class=\"wls-logo\" alt=\"\" title=\"SOVAC\" \/><\/div><\/div><\/div><div class='rt-col-md-3 rt-col-sm-3 rt-col-xs-3'><div class='single-logo rt-equal-height' data-title='Dalma Energy'><div class='single-logo-container'><img loading=\"lazy\" decoding=\"async\" width=\"144\" height=\"130\" src=\"https:\/\/cieptal.com\/wp-content\/uploads\/2019\/04\/client-dalma-energy.png\" class=\"wls-logo\" alt=\"\" title=\"Dalma Energy\" \/><\/div><\/div><\/div><div class='rt-col-md-3 rt-col-sm-3 rt-col-xs-3'><div class='single-logo rt-equal-height' data-title='Lafarge'><div class='single-logo-container'><img loading=\"lazy\" decoding=\"async\" width=\"255\" height=\"130\" src=\"https:\/\/cieptal.com\/wp-content\/uploads\/2019\/04\/client-lafarge.jpg\" class=\"wls-logo\" alt=\"\" title=\"Lafarge\" \/><\/div><\/div><\/div><div class='rt-col-md-3 rt-col-sm-3 rt-col-xs-3'><div class='single-logo rt-equal-height' data-title='Philip Morris International'><div class='single-logo-container'><img loading=\"lazy\" decoding=\"async\" width=\"172\" height=\"130\" src=\"https:\/\/cieptal.com\/wp-content\/uploads\/2019\/04\/client-philippe-morris.png\" class=\"wls-logo\" alt=\"\" title=\"Philip Morris International\" \/><\/div><\/div><\/div><\/div><\/div><div class=\"vc_empty_space\"   style=\"height: 50px\"><span class=\"vc_empty_space_inner\"><\/span><\/div><\/div><\/div><\/div><\/div><div class=\"vc_row wpb_row vc_row-fluid\"><div class=\"wpb_column vc_column_container vc_col-sm-6 vc_col-has-fill\"><div class=\"vc_column-inner vc_custom_1556114979540\"><div class=\"wpb_wrapper\"><div class=\"vc_empty_space\"   style=\"height: 221px\"><span class=\"vc_empty_space_inner\"><\/span><\/div><\/div><\/div><\/div><div class=\"wpb_column vc_column_container vc_col-sm-6 vc_col-has-fill\"><div class=\"vc_column-inner vc_custom_1556115115267\"><div class=\"wpb_wrapper\">\r\n\t<div class=\"wpb_text_column wpb_content_element  vc_custom_1556115305253\" >\r\n\t\t<div class=\"wpb_wrapper\">\r\n\t\t\t<h2><span style=\"color: #ffffff;\">P\u00e9trole &amp; Gaz<\/span><\/h2>\n<p><span style=\"color: #ffffff;\">Nourrir et loger les hommes, garantir la continuit\u00e9 des activit\u00e9s et optimiser les co\u00fbts&#8230;<\/span><\/p>\n\r\n\t\t<\/div>\r\n\t<\/div>\r\n<div class=\"vc_btn3-container vc_btn3-right vc_custom_1556115651566\" ><button class=\"vc_general vc_btn3 vc_btn3-size-md vc_btn3-shape-square vc_btn3-style-classic vc_btn3-color-grey\">More informations<\/button><\/div><\/div><\/div><\/div><div class=\"wpb_column vc_column_container vc_col-sm-12\"><div class=\"vc_column-inner\"><div class=\"wpb_wrapper\"><div class=\"vc_empty_space\"   style=\"height: 50px\"><span class=\"vc_empty_space_inner\"><\/span><\/div><\/div><\/div><\/div><\/div><div data-vc-full-width=\"true\" data-vc-full-width-init=\"false\" data-vc-stretch-content=\"true\" class=\"vc_row wpb_row vc_row-fluid vc_custom_1556113677893 vc_row-has-fill\"><div class=\"wpb_column vc_column_container vc_col-sm-8\"><div class=\"vc_column-inner\"><div class=\"wpb_wrapper\">\r\n\t<div class=\"wpb_text_column wpb_content_element  vc_custom_1556113761538\" >\r\n\t\t<div class=\"wpb_wrapper\">\r\n\t\t\t<h2 style=\"text-align: left;\"><strong><span style=\"color: #ffffff;\">Join the CIEPTAL experience<\/span><\/strong><\/h2>\n\r\n\t\t<\/div>\r\n\t<\/div>\r\n<\/div><\/div><\/div><div class=\"wpb_column vc_column_container vc_col-sm-4\"><div class=\"vc_column-inner\"><div class=\"wpb_wrapper\">\r\n\t<div class=\"wpb_text_column wpb_content_element  vc_custom_1556114652286\" >\r\n\t\t<div class=\"wpb_wrapper\">\r\n\t\t\t<h2 style=\"text-align: right;\"><span style=\"color: #ffffff;\"><strong>Join us <img loading=\"lazy\" decoding=\"async\" class=\"wp-image-3946 alignright\" src=\"https:\/\/cieptal.com\/wp-content\/uploads\/2019\/04\/bouton-main.png\" alt=\"\" width=\"32\" height=\"58\" \/><\/strong><\/span><\/h2>\n\r\n\t\t<\/div>\r\n\t<\/div>\r\n<\/div><\/div><\/div><\/div><div class=\"vc_row-full-width vc_clearfix\"><\/div>\n<\/section>","protected":false},"excerpt":{"rendered":"","protected":false},"author":2,"featured_media":0,"parent":0,"menu_order":0,"comment_status":"closed","ping_status":"closed","template":"","meta":{"footnotes":""},"class_list":["post-3712","page","type-page","status-publish","hentry"],"yoast_head":"<!-- This site is optimized with the Yoast SEO plugin v27.3 - https:\/\/yoast.com\/product\/yoast-seo-wordpress\/ -->\n<title>Business &amp; Industrie - CIEPTAL<\/title>\n<meta name=\"robots\" content=\"index, follow, max-snippet:-1, max-image-preview:large, max-video-preview:-1\" \/>\n<link rel=\"canonical\" href=\"https:\/\/cieptal.com\/en\/business-industrie\/\" \/>\n<meta property=\"og:locale\" content=\"en_GB\" \/>\n<meta property=\"og:type\" content=\"article\" \/>\n<meta property=\"og:title\" content=\"Business &amp; Industrie - CIEPTAL\" \/>\n<meta property=\"og:url\" content=\"https:\/\/cieptal.com\/en\/business-industrie\/\" \/>\n<meta property=\"og:site_name\" content=\"CIEPTAL\" \/>\n<meta property=\"article:modified_time\" content=\"2019-04-24T14:21:59+00:00\" \/>\n<meta property=\"og:image\" content=\"https:\/\/cieptal.com\/wp-content\/uploads\/2019\/04\/bouton-main.png\" \/>\n<meta name=\"twitter:card\" content=\"summary_large_image\" \/>\n<meta name=\"twitter:label1\" content=\"Estimated reading time\" \/>\n\t<meta name=\"twitter:data1\" content=\"2 minutes\" \/>\n<script type=\"application\/ld+json\" class=\"yoast-schema-graph\">{\"@context\":\"https:\\\/\\\/schema.org\",\"@graph\":[{\"@type\":\"WebPage\",\"@id\":\"https:\\\/\\\/cieptal.com\\\/business-industrie\\\/\",\"url\":\"https:\\\/\\\/cieptal.com\\\/business-industrie\\\/\",\"name\":\"Business & Industrie - CIEPTAL\",\"isPartOf\":{\"@id\":\"https:\\\/\\\/cieptal.com\\\/#website\"},\"primaryImageOfPage\":{\"@id\":\"https:\\\/\\\/cieptal.com\\\/business-industrie\\\/#primaryimage\"},\"image\":{\"@id\":\"https:\\\/\\\/cieptal.com\\\/business-industrie\\\/#primaryimage\"},\"thumbnailUrl\":\"https:\\\/\\\/cieptal.com\\\/wp-content\\\/uploads\\\/2019\\\/04\\\/bouton-main.png\",\"datePublished\":\"2019-04-02T15:53:03+00:00\",\"dateModified\":\"2019-04-24T14:21:59+00:00\",\"breadcrumb\":{\"@id\":\"https:\\\/\\\/cieptal.com\\\/business-industrie\\\/#breadcrumb\"},\"inLanguage\":\"en-GB\",\"potentialAction\":[{\"@type\":\"ReadAction\",\"target\":[\"https:\\\/\\\/cieptal.com\\\/business-industrie\\\/\"]}]},{\"@type\":\"ImageObject\",\"inLanguage\":\"en-GB\",\"@id\":\"https:\\\/\\\/cieptal.com\\\/business-industrie\\\/#primaryimage\",\"url\":\"https:\\\/\\\/cieptal.com\\\/wp-content\\\/uploads\\\/2019\\\/04\\\/bouton-main.png\",\"contentUrl\":\"https:\\\/\\\/cieptal.com\\\/wp-content\\\/uploads\\\/2019\\\/04\\\/bouton-main.png\"},{\"@type\":\"BreadcrumbList\",\"@id\":\"https:\\\/\\\/cieptal.com\\\/business-industrie\\\/#breadcrumb\",\"itemListElement\":[{\"@type\":\"ListItem\",\"position\":1,\"name\":\"Accueil\",\"item\":\"https:\\\/\\\/cieptal.com\\\/\"},{\"@type\":\"ListItem\",\"position\":2,\"name\":\"Business &#038; Industrie\"}]},{\"@type\":\"WebSite\",\"@id\":\"https:\\\/\\\/cieptal.com\\\/#website\",\"url\":\"https:\\\/\\\/cieptal.com\\\/\",\"name\":\"CIEPTAL\",\"description\":\"Integrated Life Support Services\",\"potentialAction\":[{\"@type\":\"SearchAction\",\"target\":{\"@type\":\"EntryPoint\",\"urlTemplate\":\"https:\\\/\\\/cieptal.com\\\/?s={search_term_string}\"},\"query-input\":{\"@type\":\"PropertyValueSpecification\",\"valueRequired\":true,\"valueName\":\"search_term_string\"}}],\"inLanguage\":\"en-GB\"}]}<\/script>\n<!-- \/ Yoast SEO plugin. -->","yoast_head_json":{"title":"Business & Industrie - CIEPTAL","robots":{"index":"index","follow":"follow","max-snippet":"max-snippet:-1","max-image-preview":"max-image-preview:large","max-video-preview":"max-video-preview:-1"},"canonical":"https:\/\/cieptal.com\/en\/business-industrie\/","og_locale":"en_GB","og_type":"article","og_title":"Business & Industrie - CIEPTAL","og_url":"https:\/\/cieptal.com\/en\/business-industrie\/","og_site_name":"CIEPTAL","article_modified_time":"2019-04-24T14:21:59+00:00","og_image":[{"url":"https:\/\/cieptal.com\/wp-content\/uploads\/2019\/04\/bouton-main.png","type":"","width":"","height":""}],"twitter_card":"summary_large_image","twitter_misc":{"Estimated reading time":"2 minutes"},"schema":{"@context":"https:\/\/schema.org","@graph":[{"@type":"WebPage","@id":"https:\/\/cieptal.com\/business-industrie\/","url":"https:\/\/cieptal.com\/business-industrie\/","name":"Business & Industrie - CIEPTAL","isPartOf":{"@id":"https:\/\/cieptal.com\/#website"},"primaryImageOfPage":{"@id":"https:\/\/cieptal.com\/business-industrie\/#primaryimage"},"image":{"@id":"https:\/\/cieptal.com\/business-industrie\/#primaryimage"},"thumbnailUrl":"https:\/\/cieptal.com\/wp-content\/uploads\/2019\/04\/bouton-main.png","datePublished":"2019-04-02T15:53:03+00:00","dateModified":"2019-04-24T14:21:59+00:00","breadcrumb":{"@id":"https:\/\/cieptal.com\/business-industrie\/#breadcrumb"},"inLanguage":"en-GB","potentialAction":[{"@type":"ReadAction","target":["https:\/\/cieptal.com\/business-industrie\/"]}]},{"@type":"ImageObject","inLanguage":"en-GB","@id":"https:\/\/cieptal.com\/business-industrie\/#primaryimage","url":"https:\/\/cieptal.com\/wp-content\/uploads\/2019\/04\/bouton-main.png","contentUrl":"https:\/\/cieptal.com\/wp-content\/uploads\/2019\/04\/bouton-main.png"},{"@type":"BreadcrumbList","@id":"https:\/\/cieptal.com\/business-industrie\/#breadcrumb","itemListElement":[{"@type":"ListItem","position":1,"name":"Accueil","item":"https:\/\/cieptal.com\/"},{"@type":"ListItem","position":2,"name":"Business &#038; Industrie"}]},{"@type":"WebSite","@id":"https:\/\/cieptal.com\/#website","url":"https:\/\/cieptal.com\/","name":"CIEPTAL","description":"Integrated Life Support Services","potentialAction":[{"@type":"SearchAction","target":{"@type":"EntryPoint","urlTemplate":"https:\/\/cieptal.com\/?s={search_term_string}"},"query-input":{"@type":"PropertyValueSpecification","valueRequired":true,"valueName":"search_term_string"}}],"inLanguage":"en-GB"}]}},"_links":{"self":[{"href":"https:\/\/cieptal.com\/en\/wp-json\/wp\/v2\/pages\/3712","targetHints":{"allow":["GET"]}}],"collection":[{"href":"https:\/\/cieptal.com\/en\/wp-json\/wp\/v2\/pages"}],"about":[{"href":"https:\/\/cieptal.com\/en\/wp-json\/wp\/v2\/types\/page"}],"author":[{"embeddable":true,"href":"https:\/\/cieptal.com\/en\/wp-json\/wp\/v2\/users\/2"}],"replies":[{"embeddable":true,"href":"https:\/\/cieptal.com\/en\/wp-json\/wp\/v2\/comments?post=3712"}],"version-history":[{"count":23,"href":"https:\/\/cieptal.com\/en\/wp-json\/wp\/v2\/pages\/3712\/revisions"}],"predecessor-version":[{"id":4015,"href":"https:\/\/cieptal.com\/en\/wp-json\/wp\/v2\/pages\/3712\/revisions\/4015"}],"wp:attachment":[{"href":"https:\/\/cieptal.com\/en\/wp-json\/wp\/v2\/media?parent=3712"}],"curies":[{"name":"wp","href":"https:\/\/api.w.org\/{rel}","templated":true}]}}