{"id":2303,"date":"2017-08-28T19:01:56","date_gmt":"2017-08-28T19:01:56","guid":{"rendered":"https:\/\/cieptal.com\/?page_id=2303"},"modified":"2021-12-07T14:26:11","modified_gmt":"2021-12-07T14:26:11","slug":"presentation","status":"publish","type":"page","link":"https:\/\/cieptal.com\/en\/presentation\/","title":{"rendered":"Presentation"},"content":{"rendered":"<section class=\"wpb-content-wrapper\"><div class=\"vc_row wpb_row vc_row-fluid\"><div class=\"wpb_column vc_column_container vc_col-sm-12\"><div class=\"vc_column-inner\"><div class=\"wpb_wrapper\"><div class=\"vc_empty_space\"   style=\"height: 90px\"><span class=\"vc_empty_space_inner\"><\/span><\/div>\r\n\t<div class=\"wpb_text_column wpb_content_element\" >\r\n\t\t<div class=\"wpb_wrapper\">\r\n\t\t\t<h2 style=\"text-align: center;\">CIEPTAL is specialized in catering and the management of remote sites for the sectors of oil, gas and communities.<\/h2>\n\r\n\t\t<\/div>\r\n\t<\/div>\r\n<div class=\"vc_empty_space\"   style=\"height: 90px\"><span class=\"vc_empty_space_inner\"><\/span><\/div><\/div><\/div><\/div><\/div><div data-vc-full-width=\"true\" data-vc-full-width-init=\"false\" data-vc-parallax=\"1\" data-vc-parallax-image=\"https:\/\/cieptal.com\/wp-content\/uploads\/2019\/05\/CIEPTAL-pr\u00e9sentation-background.jpg\" class=\"vc_row wpb_row vc_row-fluid vc_row-has-fill vc_general vc_parallax vc_parallax-content-moving\"><div class=\"wpb_column vc_column_container vc_col-sm-4\"><div class=\"vc_column-inner\"><div class=\"wpb_wrapper\">\r\n\t<div  class=\"wpb_single_image wpb_content_element vc_align_center  vc_custom_1570462209718\">\r\n\t\t\r\n\t\t<figure class=\"wpb_wrapper vc_figure\">\r\n\t\t\t<div class=\"vc_single_image-wrapper   vc_box_border_grey\"><img loading=\"lazy\" decoding=\"async\" width=\"190\" height=\"142\" src=\"https:\/\/cieptal.com\/wp-content\/uploads\/2019\/10\/CIEPTAL-2019-footer-v.png\" class=\"vc_single_image-img attachment-medium\" alt=\"\" title=\"CIEPTAL-2019-footer - v\" \/><\/div>\r\n\t\t<\/figure>\r\n\t<\/div>\r\n<div class=\"vc_empty_space\"   style=\"height: 45px\"><span class=\"vc_empty_space_inner\"><\/span><\/div><\/div><\/div><\/div><div class=\"wpb_column vc_column_container vc_col-sm-8\"><div class=\"vc_column-inner\"><div class=\"wpb_wrapper\">\r\n\t<div class=\"wpb_text_column wpb_content_element  vc_custom_1570462255032\" >\r\n\t\t<div class=\"wpb_wrapper\">\r\n\t\t\t<h2 style=\"text-align: center;\"><span style=\"color: #ffffff;\">Ensuring safety and business continuity, reducing costs to be competitive and favoring single contact for turnkey solutions are our commitments to our customers.<\/span><\/h2>\n\r\n\t\t<\/div>\r\n\t<\/div>\r\n<\/div><\/div><\/div><\/div><div class=\"vc_row-full-width vc_clearfix\"><\/div><div data-vc-full-width=\"true\" data-vc-full-width-init=\"false\" class=\"vc_row wpb_row vc_row-fluid vc_custom_1638887166470 vc_row-has-fill\"><div class=\"wpb_column vc_column_container vc_col-sm-6\"><div class=\"vc_column-inner\"><div class=\"wpb_wrapper\"><div class=\"\">\n\t<div class=\"rt-vc-title rtin-section-title-left\">\n\t\t\t\t\t<h2 class=\"rt-section-title-vc\" style=\"font-size:30px; color:#222222;\">CIEPTAL<\/h2>\n\t\t\t<\/div>\n<\/div>\r\n\t<div class=\"wpb_text_column wpb_content_element\" >\r\n\t\t<div class=\"wpb_wrapper\">\r\n\t\t\t<p style=\"text-align: justify;\">Around its core business, <a href=\"https:\/\/cieptal.com\/en\/restauration-2\/\"><span style=\"text-decoration: underline;\"><strong>catering<\/strong><\/span><\/a> and <span style=\"text-decoration: underline;\"><strong>a<\/strong><a href=\"https:\/\/cieptal.com\/en\/hotellerie\/\"><strong>ccommodation<\/strong><\/a>,<\/span> CIEPTAL has developed a full range of <strong><a href=\"https:\/\/cieptal.com\/en\/notre-expertise\/\"><span style=\"text-decoration: underline;\">integrated services<\/span><\/a><\/strong>to bring all the comfort and security possible to residents and aid in improving the performance of the daily management of their sites.<\/p>\n<p style=\"text-align: justify;\">CIEPTAL has more than 60 customers on more than 78 operation sites. CIEPTAL employs +4,640 people and has the <strong><span style=\"text-decoration: underline;\"><a href=\"https:\/\/cieptal.com\/en\/certifications-smi\/\">triple certification ISO 9001, ISO 14001 and OHSAS 18001<\/a><\/span><\/strong>.<\/p>\n<p><img loading=\"lazy\" decoding=\"async\" class=\"aligncenter wp-image-5166 size-full\" src=\"https:\/\/cieptal.com\/wp-content\/uploads\/2019\/07\/BASE-creation-new-logo-group\u00e9s.png\" alt=\"\" width=\"550\" height=\"241\" srcset=\"https:\/\/cieptal.com\/wp-content\/uploads\/2019\/07\/BASE-creation-new-logo-group\u00e9s.png 550w, https:\/\/cieptal.com\/wp-content\/uploads\/2019\/07\/BASE-creation-new-logo-group\u00e9s-300x131.png 300w\" sizes=\"auto, (max-width: 550px) 100vw, 550px\" \/><\/p>\n\r\n\t\t<\/div>\r\n\t<\/div>\r\n<\/div><\/div><\/div><div class=\"wpb_column vc_column_container vc_col-sm-6\"><div class=\"vc_column-inner\"><div class=\"wpb_wrapper\">\r\n\t<div  class=\"wpb_single_image wpb_content_element vc_align_left  vc_custom_1638885892385\">\r\n\t\t\r\n\t\t<figure class=\"wpb_wrapper vc_figure\">\r\n\t\t\t<div class=\"vc_single_image-wrapper   vc_box_border_grey\"><img loading=\"lazy\" decoding=\"async\" width=\"1024\" height=\"975\" src=\"https:\/\/cieptal.com\/wp-content\/uploads\/2021\/12\/algerie-1-1024x975.png\" class=\"vc_single_image-img attachment-large\" alt=\"\" title=\"alg\u00e9rie-1\" srcset=\"https:\/\/cieptal.com\/wp-content\/uploads\/2021\/12\/algerie-1-1024x975.png 1024w, https:\/\/cieptal.com\/wp-content\/uploads\/2021\/12\/algerie-1-300x286.png 300w, https:\/\/cieptal.com\/wp-content\/uploads\/2021\/12\/algerie-1-1536x1463.png 1536w, https:\/\/cieptal.com\/wp-content\/uploads\/2021\/12\/algerie-1-2048x1951.png 2048w, https:\/\/cieptal.com\/wp-content\/uploads\/2021\/12\/algerie-1-13x12.png 13w, https:\/\/cieptal.com\/wp-content\/uploads\/2021\/12\/algerie-1-300x286@2x.png 600w\" sizes=\"auto, (max-width: 1024px) 100vw, 1024px\" \/><\/div>\r\n\t\t<\/figure>\r\n\t<\/div>\r\n<\/div><\/div><\/div><\/div><div class=\"vc_row-full-width vc_clearfix\"><\/div><div class=\"vc_row wpb_row vc_row-fluid\"><div class=\"wpb_column vc_column_container vc_col-sm-12\"><div class=\"vc_column-inner\"><div class=\"wpb_wrapper\">\r\n\t<div class=\"wpb_video_widget wpb_content_element vc_clearfix   vc_video-aspect-ratio-169 vc_video-el-width-70 vc_video-align-center\" >\r\n\t\t<div class=\"wpb_wrapper\">\r\n\t\t\t\r\n\t\t\t<div class=\"wpb_video_wrapper\"><iframe loading=\"lazy\" title=\"CIEPTAL Alg\u00e9rie - Pr\u00e9sentation - 2020 - fr\" width=\"1200\" height=\"675\" src=\"https:\/\/www.youtube.com\/embed\/BoXb7fsUyBw?feature=oembed\" frameborder=\"0\" allow=\"accelerometer; autoplay; clipboard-write; encrypted-media; gyroscope; picture-in-picture\" allowfullscreen><\/iframe><\/div>\r\n\t\t<\/div>\r\n\t<\/div>\r\n<\/div><\/div><\/div><\/div><div class=\"vc_row wpb_row vc_row-fluid\"><div class=\"wpb_column vc_column_container vc_col-sm-12\"><div class=\"vc_column-inner\"><div class=\"wpb_wrapper\">\r\n\t<div class=\"wpb_text_column wpb_content_element  vc_custom_1559829092383\" >\r\n\t\t<div class=\"wpb_wrapper\">\r\n\t\t\t<h2 style=\"text-align: center;\"><strong>Learn more<\/strong><\/h2>\n\r\n\t\t<\/div>\r\n\t<\/div>\r\n<\/div><\/div><\/div><\/div><div class=\"vc_row wpb_row vc_row-fluid vc_custom_1558540859050 vc_column-gap-30\"><div class=\"wpb_column vc_column_container vc_col-sm-4 vc_col-has-fill\"><div class=\"vc_column-inner vc_custom_1561552736290\"><div class=\"wpb_wrapper\">\r\n\t<div class=\"wpb_text_column wpb_content_element\" >\r\n\t\t<div class=\"wpb_wrapper\">\r\n\t\t\t<div class=\"eds-animate\" data-eds-entry-animation=\"zoomIn\" data-eds-entry-delay=\"0\" data-eds-entry-duration=\"1\" data-eds-entry-timing=\"linear\" data-eds-exit-animation=\"\" data-eds-exit-delay=\"\" data-eds-exit-duration=\"\" data-eds-exit-timing=\"\" data-eds-repeat-count=\"1\" data-eds-keep=\"yes\" data-eds-animate-on=\"hover\" data-eds-scroll-offset=\"\">\n<h2 style=\"text-align: center;\"><a href=\"https:\/\/cieptal.com\/en\/mot-du-directeur-general\/\"><strong><span style=\"color: #ffffff;\">From the Director General<\/span><\/strong><\/a><\/h2>\n<\/div>\n\r\n\t\t<\/div>\r\n\t<\/div>\r\n<\/div><\/div><\/div><div class=\"wpb_column vc_column_container vc_col-sm-4 vc_col-has-fill\"><div class=\"vc_column-inner vc_custom_1558361430706\"><div class=\"wpb_wrapper\">\r\n\t<div class=\"wpb_text_column wpb_content_element\" >\r\n\t\t<div class=\"wpb_wrapper\">\r\n\t\t\t<div class=\"eds-animate\" data-eds-entry-animation=\"zoomIn\" data-eds-entry-delay=\"0\" data-eds-entry-duration=\"1\" data-eds-entry-timing=\"linear\" data-eds-exit-animation=\"\" data-eds-exit-delay=\"\" data-eds-exit-duration=\"\" data-eds-exit-timing=\"\" data-eds-repeat-count=\"1\" data-eds-keep=\"yes\" data-eds-animate-on=\"hover\" data-eds-scroll-offset=\"\">\n<h2 style=\"text-align: center;\"><a href=\"https:\/\/cieptal.com\/en\/chiffres-cles\/\"><strong><span style=\"color: #ffffff;\">Key Figures<\/span><\/strong><\/a><\/h2>\n<\/div>\n\r\n\t\t<\/div>\r\n\t<\/div>\r\n<\/div><\/div><\/div><div class=\"wpb_column vc_column_container vc_col-sm-4 vc_col-has-fill\"><div class=\"vc_column-inner vc_custom_1558361439113\"><div class=\"wpb_wrapper\">\r\n\t<div class=\"wpb_text_column wpb_content_element\" >\r\n\t\t<div class=\"wpb_wrapper\">\r\n\t\t\t<div class=\"eds-animate\" data-eds-entry-animation=\"zoomIn\" data-eds-entry-delay=\"0\" data-eds-entry-duration=\"1\" data-eds-entry-timing=\"linear\" data-eds-exit-animation=\"\" data-eds-exit-delay=\"\" data-eds-exit-duration=\"\" data-eds-exit-timing=\"\" data-eds-repeat-count=\"1\" data-eds-keep=\"yes\" data-eds-animate-on=\"hover\" data-eds-scroll-offset=\"\">\n<h2 style=\"text-align: center;\"><a href=\"https:\/\/cieptal.com\/en\/equipes\/\"><strong><span style=\"color: #ffffff;\">Our Team<\/span><\/strong><\/a><\/h2>\n<\/div>\n\r\n\t\t<\/div>\r\n\t<\/div>\r\n<\/div><\/div><\/div><\/div>\n<\/section>","protected":false},"excerpt":{"rendered":"CIEPTAL est sp\u00e9cialis\u00e9e dans la restauration et la gestion de bases-vie pour les secteurs du p\u00e9trole, du gaz et des collectivit\u00e9s. Prot\u00e9ger les hommes et garantir la continuit\u00e9 des activit\u00e9s, r\u00e9duire les co\u00fbts pour gagner en comp\u00e9titivit\u00e9 et privil\u00e9gier l\u2019interlocuteur unique pour des solutions sur-mesure sont nos engagements envers nos clients. CIEPTAL Autour de son [...]","protected":false},"author":3,"featured_media":0,"parent":0,"menu_order":0,"comment_status":"closed","ping_status":"closed","template":"","meta":{"footnotes":""},"class_list":["post-2303","page","type-page","status-publish","hentry"],"yoast_head":"<!-- This site is optimized with the Yoast SEO plugin v27.3 - https:\/\/yoast.com\/product\/yoast-seo-wordpress\/ -->\n<title>Pr\u00e9sentation - CIEPTAL<\/title>\n<meta name=\"robots\" content=\"index, follow, max-snippet:-1, max-image-preview:large, max-video-preview:-1\" \/>\n<link rel=\"canonical\" href=\"https:\/\/cieptal.com\/en\/presentation\/\" \/>\n<meta property=\"og:locale\" content=\"en_GB\" \/>\n<meta property=\"og:type\" content=\"article\" \/>\n<meta property=\"og:title\" content=\"Pr\u00e9sentation - CIEPTAL\" \/>\n<meta property=\"og:url\" content=\"https:\/\/cieptal.com\/en\/presentation\/\" \/>\n<meta property=\"og:site_name\" content=\"CIEPTAL\" \/>\n<meta property=\"article:modified_time\" content=\"2021-12-07T14:26:11+00:00\" \/>\n<meta property=\"og:image\" content=\"https:\/\/cieptal.com\/wp-content\/uploads\/2019\/07\/BASE-creation-new-logo-group\u00e9s.png\" \/>\n<meta name=\"twitter:card\" content=\"summary_large_image\" \/>\n<meta name=\"twitter:label1\" content=\"Estimated reading time\" \/>\n\t<meta name=\"twitter:data1\" content=\"3 minutes\" \/>\n<script type=\"application\/ld+json\" class=\"yoast-schema-graph\">{\"@context\":\"https:\\\/\\\/schema.org\",\"@graph\":[{\"@type\":\"WebPage\",\"@id\":\"https:\\\/\\\/cieptal.com\\\/presentation\\\/\",\"url\":\"https:\\\/\\\/cieptal.com\\\/presentation\\\/\",\"name\":\"Pr\u00e9sentation - CIEPTAL\",\"isPartOf\":{\"@id\":\"https:\\\/\\\/cieptal.com\\\/#website\"},\"datePublished\":\"2017-08-28T19:01:56+00:00\",\"dateModified\":\"2021-12-07T14:26:11+00:00\",\"breadcrumb\":{\"@id\":\"https:\\\/\\\/cieptal.com\\\/presentation\\\/#breadcrumb\"},\"inLanguage\":\"en-GB\",\"potentialAction\":[{\"@type\":\"ReadAction\",\"target\":[\"https:\\\/\\\/cieptal.com\\\/presentation\\\/\"]}]},{\"@type\":\"BreadcrumbList\",\"@id\":\"https:\\\/\\\/cieptal.com\\\/presentation\\\/#breadcrumb\",\"itemListElement\":[{\"@type\":\"ListItem\",\"position\":1,\"name\":\"Accueil\",\"item\":\"https:\\\/\\\/cieptal.com\\\/\"},{\"@type\":\"ListItem\",\"position\":2,\"name\":\"Pr\u00e9sentation\"}]},{\"@type\":\"WebSite\",\"@id\":\"https:\\\/\\\/cieptal.com\\\/#website\",\"url\":\"https:\\\/\\\/cieptal.com\\\/\",\"name\":\"CIEPTAL\",\"description\":\"Integrated Life Support Services\",\"potentialAction\":[{\"@type\":\"SearchAction\",\"target\":{\"@type\":\"EntryPoint\",\"urlTemplate\":\"https:\\\/\\\/cieptal.com\\\/?s={search_term_string}\"},\"query-input\":{\"@type\":\"PropertyValueSpecification\",\"valueRequired\":true,\"valueName\":\"search_term_string\"}}],\"inLanguage\":\"en-GB\"}]}<\/script>\n<!-- \/ Yoast SEO plugin. -->","yoast_head_json":{"title":"Pr\u00e9sentation - CIEPTAL","robots":{"index":"index","follow":"follow","max-snippet":"max-snippet:-1","max-image-preview":"max-image-preview:large","max-video-preview":"max-video-preview:-1"},"canonical":"https:\/\/cieptal.com\/en\/presentation\/","og_locale":"en_GB","og_type":"article","og_title":"Pr\u00e9sentation - CIEPTAL","og_url":"https:\/\/cieptal.com\/en\/presentation\/","og_site_name":"CIEPTAL","article_modified_time":"2021-12-07T14:26:11+00:00","og_image":[{"url":"https:\/\/cieptal.com\/wp-content\/uploads\/2019\/07\/BASE-creation-new-logo-group\u00e9s.png","type":"","width":"","height":""}],"twitter_card":"summary_large_image","twitter_misc":{"Estimated reading time":"3 minutes"},"schema":{"@context":"https:\/\/schema.org","@graph":[{"@type":"WebPage","@id":"https:\/\/cieptal.com\/presentation\/","url":"https:\/\/cieptal.com\/presentation\/","name":"Pr\u00e9sentation - CIEPTAL","isPartOf":{"@id":"https:\/\/cieptal.com\/#website"},"datePublished":"2017-08-28T19:01:56+00:00","dateModified":"2021-12-07T14:26:11+00:00","breadcrumb":{"@id":"https:\/\/cieptal.com\/presentation\/#breadcrumb"},"inLanguage":"en-GB","potentialAction":[{"@type":"ReadAction","target":["https:\/\/cieptal.com\/presentation\/"]}]},{"@type":"BreadcrumbList","@id":"https:\/\/cieptal.com\/presentation\/#breadcrumb","itemListElement":[{"@type":"ListItem","position":1,"name":"Accueil","item":"https:\/\/cieptal.com\/"},{"@type":"ListItem","position":2,"name":"Pr\u00e9sentation"}]},{"@type":"WebSite","@id":"https:\/\/cieptal.com\/#website","url":"https:\/\/cieptal.com\/","name":"CIEPTAL","description":"Integrated Life Support Services","potentialAction":[{"@type":"SearchAction","target":{"@type":"EntryPoint","urlTemplate":"https:\/\/cieptal.com\/?s={search_term_string}"},"query-input":{"@type":"PropertyValueSpecification","valueRequired":true,"valueName":"search_term_string"}}],"inLanguage":"en-GB"}]}},"_links":{"self":[{"href":"https:\/\/cieptal.com\/en\/wp-json\/wp\/v2\/pages\/2303","targetHints":{"allow":["GET"]}}],"collection":[{"href":"https:\/\/cieptal.com\/en\/wp-json\/wp\/v2\/pages"}],"about":[{"href":"https:\/\/cieptal.com\/en\/wp-json\/wp\/v2\/types\/page"}],"author":[{"embeddable":true,"href":"https:\/\/cieptal.com\/en\/wp-json\/wp\/v2\/users\/3"}],"replies":[{"embeddable":true,"href":"https:\/\/cieptal.com\/en\/wp-json\/wp\/v2\/comments?post=2303"}],"version-history":[{"count":91,"href":"https:\/\/cieptal.com\/en\/wp-json\/wp\/v2\/pages\/2303\/revisions"}],"predecessor-version":[{"id":5737,"href":"https:\/\/cieptal.com\/en\/wp-json\/wp\/v2\/pages\/2303\/revisions\/5737"}],"wp:attachment":[{"href":"https:\/\/cieptal.com\/en\/wp-json\/wp\/v2\/media?parent=2303"}],"curies":[{"name":"wp","href":"https:\/\/api.w.org\/{rel}","templated":true}]}}